{"id":97,"date":"2025-11-16T00:19:55","date_gmt":"2025-11-16T00:19:55","guid":{"rendered":"https:\/\/www.laboutiquefleuriste.com\/?post_type=product&#038;p=97"},"modified":"2026-03-06T20:04:17","modified_gmt":"2026-03-06T20:04:17","slug":"le-classique","status":"publish","type":"product","link":"https:\/\/www.laboutiquefleuriste.com\/en\/boutique\/le-classique\/","title":{"rendered":"Le classique"},"content":{"rendered":"","protected":false},"excerpt":{"rendered":"<p><strong>Le classique<\/strong> est un coussin de cercueil \u00e9l\u00e9gant, sobre et intemporel, compos\u00e9 exclusivement de <strong>roses blanches<\/strong> et de <strong>tulipes blanches<\/strong>, enrichi d\u2019une <strong>l\u00e9g\u00e8re touche de cr\u00e8me<\/strong> qui lui conf\u00e8re une douceur suppl\u00e9mentaire.<\/p>\n<div>\n<ul>\n<li>Les <strong>roses blanches<\/strong> \u00e9voquent la paix, la puret\u00e9 et le respect.<\/li>\n<li>Les <strong>tulipes blanches<\/strong> repr\u00e9sentent la s\u00e9r\u00e9nit\u00e9 et la gr\u00e2ce.<\/li>\n<li>L\u2019ensemble forme une composition apaisante, parfaite pour rendre un hommage d\u00e9licat, sinc\u00e8re et plein de lumi\u00e8re.<\/li>\n<\/ul>\n<p>Gr\u00e2ce \u00e0 son \u00e9l\u00e9gance naturelle, ce coussin est particuli\u00e8rement adapt\u00e9 aux c\u00e9r\u00e9monies fun\u00e9raires et aux derniers adieux empreints de sobri\u00e9t\u00e9.<\/p>\n<p><em>Si un item de cette composition n\u2019est pas disponible au moment d\u2019effectuer la commande, il sera remplac\u00e9 par un \u00e9l\u00e9ment similaire. Le style et le budget seront respect\u00e9s.<\/em><\/p>\n<\/div>","protected":false},"featured_media":99,"template":"","meta":{"_angie_page":false},"product_brand":[],"product_cat":[19,20],"product_tag":[],"class_list":{"0":"post-97","1":"product","2":"type-product","3":"status-publish","4":"has-post-thumbnail","6":"product_cat-funeraille","7":"product_cat-coussin-de-cercueil","9":"first","10":"instock","11":"taxable","12":"shipping-taxable","13":"purchasable","14":"product-type-simple"},"jetpack_sharing_enabled":true,"_links":{"self":[{"href":"https:\/\/www.laboutiquefleuriste.com\/en\/wp-json\/wp\/v2\/product\/97","targetHints":{"allow":["GET"]}}],"collection":[{"href":"https:\/\/www.laboutiquefleuriste.com\/en\/wp-json\/wp\/v2\/product"}],"about":[{"href":"https:\/\/www.laboutiquefleuriste.com\/en\/wp-json\/wp\/v2\/types\/product"}],"wp:featuredmedia":[{"embeddable":true,"href":"https:\/\/www.laboutiquefleuriste.com\/en\/wp-json\/wp\/v2\/media\/99"}],"wp:attachment":[{"href":"https:\/\/www.laboutiquefleuriste.com\/en\/wp-json\/wp\/v2\/media?parent=97"}],"wp:term":[{"taxonomy":"product_brand","embeddable":true,"href":"https:\/\/www.laboutiquefleuriste.com\/en\/wp-json\/wp\/v2\/product_brand?post=97"},{"taxonomy":"product_cat","embeddable":true,"href":"https:\/\/www.laboutiquefleuriste.com\/en\/wp-json\/wp\/v2\/product_cat?post=97"},{"taxonomy":"product_tag","embeddable":true,"href":"https:\/\/www.laboutiquefleuriste.com\/en\/wp-json\/wp\/v2\/product_tag?post=97"}],"curies":[{"name":"wp","href":"https:\/\/api.w.org\/{rel}","templated":true}]}}