{"id":94,"date":"2025-11-16T00:18:09","date_gmt":"2025-11-16T00:18:09","guid":{"rendered":"https:\/\/www.laboutiquefleuriste.com\/?post_type=product&#038;p=94"},"modified":"2026-03-06T20:06:12","modified_gmt":"2026-03-06T20:06:12","slug":"le-doux-repos","status":"publish","type":"product","link":"https:\/\/www.laboutiquefleuriste.com\/en\/boutique\/le-doux-repos\/","title":{"rendered":"Le doux repos"},"content":{"rendered":"","protected":false},"excerpt":{"rendered":"<p><strong>Le doux repos<\/strong> est un coussin de cercueil \u00e9l\u00e9gant et apaisant, compos\u00e9 exclusivement de <strong>roses blanches<\/strong> et de <strong>lys blancs<\/strong>, agr\u00e9ment\u00e9 d\u2019une <strong>l\u00e9g\u00e8re touche de cr\u00e8me<\/strong> pour un effet encore plus doux et raffin\u00e9.<\/p>\n<div>\n<ul>\n<li>Les <strong>roses blanches<\/strong> expriment le respect, la puret\u00e9 et l\u2019amour sinc\u00e8re.<\/li>\n<li>Les <strong>lys blancs<\/strong> symbolisent la paix, la lumi\u00e8re et l\u2019\u00e9l\u00e9vation spirituelle \u2014 des fleurs tr\u00e8s pr\u00e9sentes dans les hommages fun\u00e9raires.<\/li>\n<li>La touche cr\u00e8me ajoute une nuance chaleureuse, apportant subtilit\u00e9 et profondeur \u00e0 la composition.<\/li>\n<\/ul>\n<p>Ce coussin est id\u00e9al pour accompagner une c\u00e9r\u00e9monie fun\u00e9raire avec dignit\u00e9 et s\u00e9r\u00e9nit\u00e9.<\/p>\n<p><em>Si un item de cette composition n\u2019est pas disponible au moment d\u2019effectuer la commande, il sera remplac\u00e9 par un \u00e9l\u00e9ment similaire. Le style et le budget seront respect\u00e9s.<\/em><\/p>\n<\/div>","protected":false},"featured_media":96,"template":"","meta":{"_angie_page":false},"product_brand":[],"product_cat":[19,20],"product_tag":[],"class_list":{"0":"post-94","1":"product","2":"type-product","3":"status-publish","4":"has-post-thumbnail","6":"product_cat-funeraille","7":"product_cat-coussin-de-cercueil","9":"first","10":"instock","11":"taxable","12":"shipping-taxable","13":"purchasable","14":"product-type-simple"},"jetpack_sharing_enabled":true,"_links":{"self":[{"href":"https:\/\/www.laboutiquefleuriste.com\/en\/wp-json\/wp\/v2\/product\/94","targetHints":{"allow":["GET"]}}],"collection":[{"href":"https:\/\/www.laboutiquefleuriste.com\/en\/wp-json\/wp\/v2\/product"}],"about":[{"href":"https:\/\/www.laboutiquefleuriste.com\/en\/wp-json\/wp\/v2\/types\/product"}],"wp:featuredmedia":[{"embeddable":true,"href":"https:\/\/www.laboutiquefleuriste.com\/en\/wp-json\/wp\/v2\/media\/96"}],"wp:attachment":[{"href":"https:\/\/www.laboutiquefleuriste.com\/en\/wp-json\/wp\/v2\/media?parent=94"}],"wp:term":[{"taxonomy":"product_brand","embeddable":true,"href":"https:\/\/www.laboutiquefleuriste.com\/en\/wp-json\/wp\/v2\/product_brand?post=94"},{"taxonomy":"product_cat","embeddable":true,"href":"https:\/\/www.laboutiquefleuriste.com\/en\/wp-json\/wp\/v2\/product_cat?post=94"},{"taxonomy":"product_tag","embeddable":true,"href":"https:\/\/www.laboutiquefleuriste.com\/en\/wp-json\/wp\/v2\/product_tag?post=94"}],"curies":[{"name":"wp","href":"https:\/\/api.w.org\/{rel}","templated":true}]}}