{"id":86,"date":"2025-11-16T00:08:42","date_gmt":"2025-11-16T00:08:42","guid":{"rendered":"https:\/\/www.laboutiquefleuriste.com\/?post_type=product&#038;p=86"},"modified":"2026-04-05T15:07:54","modified_gmt":"2026-04-05T15:07:54","slug":"spathiphyllum","status":"publish","type":"product","link":"https:\/\/www.laboutiquefleuriste.com\/en\/boutique\/spathiphyllum\/","title":{"rendered":"Spathiphyllum"},"content":{"rendered":"","protected":false},"excerpt":{"rendered":"<p>Le <strong>Spathiphyllum<\/strong>, aussi appel\u00e9 <em>Lys de la paix<\/em>, est une plante d\u2019int\u00e9rieur populaire, reconnue pour son \u00e9l\u00e9gance, son feuillage brillant et ses fleurs blanches d\u00e9licates.<\/p>\n<div>\n<p>Propos\u00e9 ici en format <strong>6 pouces<\/strong>, il constitue une plante d\u00e9corative id\u00e9ale, pr\u00eate \u00e0 installer gr\u00e2ce \u00e0 son <strong>cache\u2011pot inclus<\/strong>.<\/p>\n<p>Parfait pour la maison ou le bureau, le Spathiphyllum est appr\u00e9ci\u00e9 pour sa capacit\u00e9 \u00e0 tol\u00e9rer la faible luminosit\u00e9 et pour son entretien facile : un arrosage mod\u00e9r\u00e9 et une lumi\u00e8re indirecte lui suffisent pour prosp\u00e9rer.<\/p>\n<p><em>Si un item de cette composition n\u2019est pas disponible au moment d\u2019effectuer la commande, il sera remplac\u00e9 par un \u00e9l\u00e9ment similaire. Le style et le budget seront respect\u00e9s.<\/em><\/p>\n<\/div>","protected":false},"featured_media":87,"template":"","meta":{"_angie_page":false},"product_brand":[],"product_cat":[18],"product_tag":[],"class_list":{"0":"post-86","1":"product","2":"type-product","3":"status-publish","4":"has-post-thumbnail","6":"product_cat-plantes","8":"first","9":"outofstock","10":"taxable","11":"shipping-taxable","12":"purchasable","13":"product-type-simple"},"jetpack_sharing_enabled":true,"_links":{"self":[{"href":"https:\/\/www.laboutiquefleuriste.com\/en\/wp-json\/wp\/v2\/product\/86","targetHints":{"allow":["GET"]}}],"collection":[{"href":"https:\/\/www.laboutiquefleuriste.com\/en\/wp-json\/wp\/v2\/product"}],"about":[{"href":"https:\/\/www.laboutiquefleuriste.com\/en\/wp-json\/wp\/v2\/types\/product"}],"wp:featuredmedia":[{"embeddable":true,"href":"https:\/\/www.laboutiquefleuriste.com\/en\/wp-json\/wp\/v2\/media\/87"}],"wp:attachment":[{"href":"https:\/\/www.laboutiquefleuriste.com\/en\/wp-json\/wp\/v2\/media?parent=86"}],"wp:term":[{"taxonomy":"product_brand","embeddable":true,"href":"https:\/\/www.laboutiquefleuriste.com\/en\/wp-json\/wp\/v2\/product_brand?post=86"},{"taxonomy":"product_cat","embeddable":true,"href":"https:\/\/www.laboutiquefleuriste.com\/en\/wp-json\/wp\/v2\/product_cat?post=86"},{"taxonomy":"product_tag","embeddable":true,"href":"https:\/\/www.laboutiquefleuriste.com\/en\/wp-json\/wp\/v2\/product_tag?post=86"}],"curies":[{"name":"wp","href":"https:\/\/api.w.org\/{rel}","templated":true}]}}