{"id":233,"date":"2025-11-16T15:34:39","date_gmt":"2025-11-16T15:34:39","guid":{"rendered":"http:\/\/shmuel"},"modified":"2026-03-06T20:18:07","modified_gmt":"2026-03-06T20:18:07","slug":"balenblanc","status":"publish","type":"product","link":"https:\/\/www.laboutiquefleuriste.com\/en\/boutique\/balenblanc\/","title":{"rendered":"Le bal en blanc"},"content":{"rendered":"","protected":false},"excerpt":{"rendered":"<p><strong>Le bal en blanc<\/strong> est un bouquet lumineux et intemporel, soigneusement compos\u00e9 dans des tons de blanc pour offrir une allure \u00e9l\u00e9gante et raffin\u00e9e.<\/p>\n<div>\n<p>Il assemble harmonieusement des <strong>cr\u00e9mons<\/strong>, des <strong>marguerites<\/strong> et des <strong>roses blanches<\/strong>, cr\u00e9ant un m\u00e9lange doux, pur et \u00e9quilibr\u00e9. L\u2019ensemble est d\u00e9licatement accompagn\u00e9 d\u2019<strong>eucalyptus<\/strong>, apportant fra\u00eecheur, texture et une l\u00e9g\u00e8re touche aromatique.<\/p>\n<p>Ce bouquet polyvalent convient parfaitement pour :<\/p>\n<ul>\n<li>des occasions \u00e9l\u00e9gantes,<\/li>\n<li>un cadeau sobre et chic,<\/li>\n<li>f\u00e9liciter, r\u00e9conforter ou c\u00e9l\u00e9brer,<\/li>\n<li>ou simplement illuminer un int\u00e9rieur avec un arrangement lumineux.<\/li>\n<\/ul>\n<p><em>Si un item de cette composition n\u2019est pas disponible au moment d\u2019effectuer la commande, il sera remplac\u00e9 par un \u00e9l\u00e9ment similaire. Le style et le budget seront respect\u00e9s.<\/em><\/p>\n<\/div>","protected":false},"featured_media":680,"template":"","meta":{"_angie_page":false},"product_brand":[],"product_cat":[31],"product_tag":[],"class_list":{"0":"post-233","1":"product","2":"type-product","3":"status-publish","4":"has-post-thumbnail","6":"product_cat-bouquet-de-fleurs","7":"product_shipping_class-standard","9":"first","10":"instock","11":"taxable","12":"shipping-taxable","13":"purchasable","14":"product-type-variable"},"jetpack_sharing_enabled":true,"_links":{"self":[{"href":"https:\/\/www.laboutiquefleuriste.com\/en\/wp-json\/wp\/v2\/product\/233","targetHints":{"allow":["GET"]}}],"collection":[{"href":"https:\/\/www.laboutiquefleuriste.com\/en\/wp-json\/wp\/v2\/product"}],"about":[{"href":"https:\/\/www.laboutiquefleuriste.com\/en\/wp-json\/wp\/v2\/types\/product"}],"wp:featuredmedia":[{"embeddable":true,"href":"https:\/\/www.laboutiquefleuriste.com\/en\/wp-json\/wp\/v2\/media\/680"}],"wp:attachment":[{"href":"https:\/\/www.laboutiquefleuriste.com\/en\/wp-json\/wp\/v2\/media?parent=233"}],"wp:term":[{"taxonomy":"product_brand","embeddable":true,"href":"https:\/\/www.laboutiquefleuriste.com\/en\/wp-json\/wp\/v2\/product_brand?post=233"},{"taxonomy":"product_cat","embeddable":true,"href":"https:\/\/www.laboutiquefleuriste.com\/en\/wp-json\/wp\/v2\/product_cat?post=233"},{"taxonomy":"product_tag","embeddable":true,"href":"https:\/\/www.laboutiquefleuriste.com\/en\/wp-json\/wp\/v2\/product_tag?post=233"}],"curies":[{"name":"wp","href":"https:\/\/api.w.org\/{rel}","templated":true}]}}