{"id":232,"date":"2025-11-16T15:34:39","date_gmt":"2025-11-16T15:34:39","guid":{"rendered":"http:\/\/shmuel"},"modified":"2026-03-06T20:20:29","modified_gmt":"2026-03-06T20:20:29","slug":"margot","status":"publish","type":"product","link":"https:\/\/www.laboutiquefleuriste.com\/en\/boutique\/margot\/","title":{"rendered":"Le Margot"},"content":{"rendered":"","protected":false},"excerpt":{"rendered":"<p><strong>Le Margot<\/strong> est un bouquet frais, lumineux et d\u00e9licatement naturel, compos\u00e9 exclusivement de <strong>marguerites blanches<\/strong> accompagn\u00e9es de <strong>feuillages<\/strong> soigneusement s\u00e9lectionn\u00e9s.<\/p>\n<div>\n<p>Sa simplicit\u00e9 \u00e9l\u00e9gante en fait un choix parfait pour offrir un geste doux, apporter de la lumi\u00e8re dans un int\u00e9rieur ou marquer une occasion avec subtilit\u00e9.<\/p>\n<p>Les marguerites blanches symbolisent la puret\u00e9, la douceur et la joie simple, ce qui fait de ce bouquet une attention id\u00e9ale pour dire <em>merci<\/em>, <em>je pense \u00e0 toi<\/em>, <em>f\u00e9licitations<\/em> ou tout simplement pour faire sourire.<\/p>\n<p><em>Si un item de cette composition n\u2019est pas disponible au moment d\u2019effectuer la commande, il sera remplac\u00e9 par un \u00e9l\u00e9ment similaire. Le style et le budget seront respect\u00e9s.<\/em><\/p>\n<\/div>","protected":false},"featured_media":678,"template":"","meta":{"_angie_page":false},"product_brand":[],"product_cat":[31],"product_tag":[],"class_list":{"0":"post-232","1":"product","2":"type-product","3":"status-publish","4":"has-post-thumbnail","6":"product_cat-bouquet-de-fleurs","7":"product_shipping_class-standard","9":"first","10":"instock","11":"taxable","12":"shipping-taxable","13":"purchasable","14":"product-type-variable"},"jetpack_sharing_enabled":true,"_links":{"self":[{"href":"https:\/\/www.laboutiquefleuriste.com\/en\/wp-json\/wp\/v2\/product\/232","targetHints":{"allow":["GET"]}}],"collection":[{"href":"https:\/\/www.laboutiquefleuriste.com\/en\/wp-json\/wp\/v2\/product"}],"about":[{"href":"https:\/\/www.laboutiquefleuriste.com\/en\/wp-json\/wp\/v2\/types\/product"}],"wp:featuredmedia":[{"embeddable":true,"href":"https:\/\/www.laboutiquefleuriste.com\/en\/wp-json\/wp\/v2\/media\/678"}],"wp:attachment":[{"href":"https:\/\/www.laboutiquefleuriste.com\/en\/wp-json\/wp\/v2\/media?parent=232"}],"wp:term":[{"taxonomy":"product_brand","embeddable":true,"href":"https:\/\/www.laboutiquefleuriste.com\/en\/wp-json\/wp\/v2\/product_brand?post=232"},{"taxonomy":"product_cat","embeddable":true,"href":"https:\/\/www.laboutiquefleuriste.com\/en\/wp-json\/wp\/v2\/product_cat?post=232"},{"taxonomy":"product_tag","embeddable":true,"href":"https:\/\/www.laboutiquefleuriste.com\/en\/wp-json\/wp\/v2\/product_tag?post=232"}],"curies":[{"name":"wp","href":"https:\/\/api.w.org\/{rel}","templated":true}]}}