{"id":136,"date":"2025-11-16T00:33:17","date_gmt":"2025-11-16T00:33:17","guid":{"rendered":"https:\/\/www.laboutiquefleuriste.com\/?post_type=product&#038;p=136"},"modified":"2026-03-06T20:22:01","modified_gmt":"2026-03-06T20:22:01","slug":"lenvolee","status":"publish","type":"product","link":"https:\/\/www.laboutiquefleuriste.com\/en\/boutique\/lenvolee\/","title":{"rendered":"L&rsquo;envol\u00e9e"},"content":{"rendered":"","protected":false},"excerpt":{"rendered":"<p><strong>L\u2019Envol\u00e9e<\/strong> est un arrangement fun\u00e9raire \u00e9l\u00e9gant et moderne, compos\u00e9 exclusivement d\u2019<strong>Oiseaux du paradis<\/strong>, une fleur exotique reconnue pour sa silhouette unique et sa symbolique d\u2019\u00e9l\u00e9vation, de paix et de libert\u00e9.<\/p>\n<div>\n<p>Ses lignes \u00e9lanc\u00e9es et son apparence majestueuse en font un choix parfait pour rendre un hommage digne, lumineux et significatif.<\/p>\n<p>Cet arrangement se distingue par sa prestance et sa modernit\u00e9. Id\u00e9al pour exprimer un message de respect, de soutien et d\u2019envol spirituel, il se d\u00e9marque par son style exotique et sa sobri\u00e9t\u00e9 \u00e9l\u00e9gante.<\/p>\n<p><em>Si un item de cette composition n\u2019est pas disponible au moment d\u2019effectuer la commande, il sera remplac\u00e9 par un \u00e9l\u00e9ment similaire. Le style et le budget seront respect\u00e9s.<\/em><\/p>\n<\/div>","protected":false},"featured_media":138,"template":"","meta":{"_angie_page":false},"product_brand":[],"product_cat":[19,22],"product_tag":[],"class_list":{"0":"post-136","1":"product","2":"type-product","3":"status-publish","4":"has-post-thumbnail","6":"product_cat-funeraille","7":"product_cat-arrangement-funeraire","8":"product_shipping_class-standard","10":"first","11":"instock","12":"taxable","13":"shipping-taxable","14":"purchasable","15":"product-type-simple"},"jetpack_sharing_enabled":true,"_links":{"self":[{"href":"https:\/\/www.laboutiquefleuriste.com\/en\/wp-json\/wp\/v2\/product\/136","targetHints":{"allow":["GET"]}}],"collection":[{"href":"https:\/\/www.laboutiquefleuriste.com\/en\/wp-json\/wp\/v2\/product"}],"about":[{"href":"https:\/\/www.laboutiquefleuriste.com\/en\/wp-json\/wp\/v2\/types\/product"}],"wp:featuredmedia":[{"embeddable":true,"href":"https:\/\/www.laboutiquefleuriste.com\/en\/wp-json\/wp\/v2\/media\/138"}],"wp:attachment":[{"href":"https:\/\/www.laboutiquefleuriste.com\/en\/wp-json\/wp\/v2\/media?parent=136"}],"wp:term":[{"taxonomy":"product_brand","embeddable":true,"href":"https:\/\/www.laboutiquefleuriste.com\/en\/wp-json\/wp\/v2\/product_brand?post=136"},{"taxonomy":"product_cat","embeddable":true,"href":"https:\/\/www.laboutiquefleuriste.com\/en\/wp-json\/wp\/v2\/product_cat?post=136"},{"taxonomy":"product_tag","embeddable":true,"href":"https:\/\/www.laboutiquefleuriste.com\/en\/wp-json\/wp\/v2\/product_tag?post=136"}],"curies":[{"name":"wp","href":"https:\/\/api.w.org\/{rel}","templated":true}]}}