{"id":130,"date":"2025-11-16T00:31:03","date_gmt":"2025-11-16T00:31:03","guid":{"rendered":"https:\/\/www.laboutiquefleuriste.com\/?post_type=product&#038;p=130"},"modified":"2026-03-06T20:22:29","modified_gmt":"2026-03-06T20:22:29","slug":"lextravagant","status":"publish","type":"product","link":"https:\/\/www.laboutiquefleuriste.com\/en\/boutique\/lextravagant\/","title":{"rendered":"L&rsquo;extravagant"},"content":{"rendered":"","protected":false},"excerpt":{"rendered":"<p><strong>L\u2019Extravagant<\/strong> est un arrangement fun\u00e9raire haut de gamme, con\u00e7u pour offrir un hommage vibrant et raffin\u00e9.<\/p>\n<div>\n<p>Compos\u00e9 exclusivement <strong>dans les tons de vert, mauve et p\u00eache<\/strong>, il apporte une pr\u00e9sence lumineuse, \u00e9l\u00e9gante et unique aux c\u00e9r\u00e9monies et moments de recueillement.<\/p>\n<p>Cette palette douce et expressive permet de cr\u00e9er une composition harmonieuse qui refl\u00e8te \u00e0 la fois la tendresse, la s\u00e9r\u00e9nit\u00e9 et la dignit\u00e9.<\/p>\n<p>Chaque arrangement est soigneusement r\u00e9alis\u00e9 par nos fleuristes, dans le respect du style annonc\u00e9 et de l\u2019intention d\u2019un hommage distingu\u00e9.<\/p>\n<p><em>Si un item de cette composition n\u2019est pas disponible au moment d\u2019effectuer la commande, il sera remplac\u00e9 par un \u00e9l\u00e9ment similaire. Le style et le budget seront respect\u00e9s.<\/em><\/p>\n<\/div>","protected":false},"featured_media":132,"template":"","meta":{"_angie_page":false},"product_brand":[],"product_cat":[19,22],"product_tag":[],"class_list":{"0":"post-130","1":"product","2":"type-product","3":"status-publish","4":"has-post-thumbnail","6":"product_cat-funeraille","7":"product_cat-arrangement-funeraire","8":"product_shipping_class-standard","10":"first","11":"instock","12":"taxable","13":"shipping-taxable","14":"purchasable","15":"product-type-simple"},"jetpack_sharing_enabled":true,"_links":{"self":[{"href":"https:\/\/www.laboutiquefleuriste.com\/en\/wp-json\/wp\/v2\/product\/130","targetHints":{"allow":["GET"]}}],"collection":[{"href":"https:\/\/www.laboutiquefleuriste.com\/en\/wp-json\/wp\/v2\/product"}],"about":[{"href":"https:\/\/www.laboutiquefleuriste.com\/en\/wp-json\/wp\/v2\/types\/product"}],"wp:featuredmedia":[{"embeddable":true,"href":"https:\/\/www.laboutiquefleuriste.com\/en\/wp-json\/wp\/v2\/media\/132"}],"wp:attachment":[{"href":"https:\/\/www.laboutiquefleuriste.com\/en\/wp-json\/wp\/v2\/media?parent=130"}],"wp:term":[{"taxonomy":"product_brand","embeddable":true,"href":"https:\/\/www.laboutiquefleuriste.com\/en\/wp-json\/wp\/v2\/product_brand?post=130"},{"taxonomy":"product_cat","embeddable":true,"href":"https:\/\/www.laboutiquefleuriste.com\/en\/wp-json\/wp\/v2\/product_cat?post=130"},{"taxonomy":"product_tag","embeddable":true,"href":"https:\/\/www.laboutiquefleuriste.com\/en\/wp-json\/wp\/v2\/product_tag?post=130"}],"curies":[{"name":"wp","href":"https:\/\/api.w.org\/{rel}","templated":true}]}}