{"id":124,"date":"2025-11-16T00:29:06","date_gmt":"2025-11-16T00:29:06","guid":{"rendered":"https:\/\/www.laboutiquefleuriste.com\/?post_type=product&#038;p=124"},"modified":"2026-03-06T19:42:29","modified_gmt":"2026-03-06T19:42:29","slug":"le-tendre-amour","status":"publish","type":"product","link":"https:\/\/www.laboutiquefleuriste.com\/en\/boutique\/le-tendre-amour\/","title":{"rendered":"Le tendre amour"},"content":{"rendered":"","protected":false},"excerpt":{"rendered":"<p><strong>Le tendre amour<\/strong> est un arrangement d\u2019urne con\u00e7u pour offrir un hommage sinc\u00e8re, doux et empreint d\u2019une grande \u00e9l\u00e9gance.<\/p>\n<div>\n<p>Compos\u00e9 <strong>exclusivement dans les tons de rouge et de blanc<\/strong>, il symbolise \u00e0 la fois l\u2019amour profond, le respect et la paix.<\/p>\n<p>Les teintes rouges \u00e9voquent la force des liens et l\u2019affection durable, tandis que le blanc repr\u00e9sente la s\u00e9r\u00e9nit\u00e9, la lumi\u00e8re et la dignit\u00e9. Ensemble, ces couleurs cr\u00e9ent une composition harmonieuse, parfaite pour accompagner une urne lors d\u2019une c\u00e9r\u00e9monie fun\u00e9raire ou d\u2019un moment de recueillement.<\/p>\n<p>Chaque arrangement est r\u00e9alis\u00e9 avec soin afin de transmettre une pr\u00e9sence chaleureuse et respectueuse.<\/p>\n<p><em>Si un item de cette composition n\u2019est pas disponible au moment d\u2019effectuer la commande, il sera remplac\u00e9 par un \u00e9l\u00e9ment similaire. Le style et le budget seront respect\u00e9s.<\/em><\/p>\n<\/div>","protected":false},"featured_media":126,"template":"","meta":{"_angie_page":false},"product_brand":[],"product_cat":[19,21],"product_tag":[],"class_list":{"0":"post-124","1":"product","2":"type-product","3":"status-publish","4":"has-post-thumbnail","6":"product_cat-funeraille","7":"product_cat-arrangement-durne","8":"product_shipping_class-standard","10":"first","11":"instock","12":"taxable","13":"shipping-taxable","14":"purchasable","15":"product-type-simple"},"jetpack_sharing_enabled":true,"_links":{"self":[{"href":"https:\/\/www.laboutiquefleuriste.com\/en\/wp-json\/wp\/v2\/product\/124","targetHints":{"allow":["GET"]}}],"collection":[{"href":"https:\/\/www.laboutiquefleuriste.com\/en\/wp-json\/wp\/v2\/product"}],"about":[{"href":"https:\/\/www.laboutiquefleuriste.com\/en\/wp-json\/wp\/v2\/types\/product"}],"wp:featuredmedia":[{"embeddable":true,"href":"https:\/\/www.laboutiquefleuriste.com\/en\/wp-json\/wp\/v2\/media\/126"}],"wp:attachment":[{"href":"https:\/\/www.laboutiquefleuriste.com\/en\/wp-json\/wp\/v2\/media?parent=124"}],"wp:term":[{"taxonomy":"product_brand","embeddable":true,"href":"https:\/\/www.laboutiquefleuriste.com\/en\/wp-json\/wp\/v2\/product_brand?post=124"},{"taxonomy":"product_cat","embeddable":true,"href":"https:\/\/www.laboutiquefleuriste.com\/en\/wp-json\/wp\/v2\/product_cat?post=124"},{"taxonomy":"product_tag","embeddable":true,"href":"https:\/\/www.laboutiquefleuriste.com\/en\/wp-json\/wp\/v2\/product_tag?post=124"}],"curies":[{"name":"wp","href":"https:\/\/api.w.org\/{rel}","templated":true}]}}