{"id":121,"date":"2025-11-16T00:28:19","date_gmt":"2025-11-16T00:28:19","guid":{"rendered":"https:\/\/www.laboutiquefleuriste.com\/?post_type=product&#038;p=121"},"modified":"2026-03-06T19:44:38","modified_gmt":"2026-03-06T19:44:38","slug":"douceurs-dautrefois","status":"publish","type":"product","link":"https:\/\/www.laboutiquefleuriste.com\/en\/boutique\/douceurs-dautrefois\/","title":{"rendered":"Douceurs d&rsquo;autrefois"},"content":{"rendered":"","protected":false},"excerpt":{"rendered":"<p><strong>Douceurs d\u2019autrefois<\/strong> est un arrangement d\u2019urne empreint de douceur, con\u00e7u pour offrir un hommage raffin\u00e9 et tout en d\u00e9licatesse.<\/p>\n<div>\n<p>Compos\u00e9 <strong>uniquement dans les tons de mauve et de vert<\/strong>, il cr\u00e9e une ambiance apaisante et harmonieuse, id\u00e9ale pour accompagner dignement un moment de recueillement.<\/p>\n<p>Les nuances de <strong>mauve<\/strong> apportent une profondeur douce, associ\u00e9e \u00e0 la s\u00e9r\u00e9nit\u00e9 et au respect, tandis que les <strong>tons verts<\/strong> symbolisent la continuit\u00e9, l\u2019esp\u00e9rance et la paix.<\/p>\n<p>Cette combinaison d\u00e9licate donne \u00e0 l\u2019arrangement un style \u00e0 la fois traditionnel, \u00e9l\u00e9gant et intemporel.<\/p>\n<p>Chaque cr\u00e9ation est r\u00e9alis\u00e9e avec soin afin de pr\u00e9server l\u2019esth\u00e9tique globale et l\u2019\u00e9motion souhait\u00e9e.<\/p>\n<p><em>Si un item de cette composition n\u2019est pas disponible au moment d\u2019effectuer la commande, il sera remplac\u00e9 par un \u00e9l\u00e9ment similaire. Le style et le budget seront respect\u00e9s.<\/em><\/p>\n<\/div>","protected":false},"featured_media":123,"template":"","meta":{"_angie_page":false},"product_brand":[],"product_cat":[19,21],"product_tag":[],"class_list":{"0":"post-121","1":"product","2":"type-product","3":"status-publish","4":"has-post-thumbnail","6":"product_cat-funeraille","7":"product_cat-arrangement-durne","8":"product_shipping_class-standard","10":"first","11":"instock","12":"taxable","13":"shipping-taxable","14":"purchasable","15":"product-type-simple"},"jetpack_sharing_enabled":true,"_links":{"self":[{"href":"https:\/\/www.laboutiquefleuriste.com\/en\/wp-json\/wp\/v2\/product\/121","targetHints":{"allow":["GET"]}}],"collection":[{"href":"https:\/\/www.laboutiquefleuriste.com\/en\/wp-json\/wp\/v2\/product"}],"about":[{"href":"https:\/\/www.laboutiquefleuriste.com\/en\/wp-json\/wp\/v2\/types\/product"}],"wp:featuredmedia":[{"embeddable":true,"href":"https:\/\/www.laboutiquefleuriste.com\/en\/wp-json\/wp\/v2\/media\/123"}],"wp:attachment":[{"href":"https:\/\/www.laboutiquefleuriste.com\/en\/wp-json\/wp\/v2\/media?parent=121"}],"wp:term":[{"taxonomy":"product_brand","embeddable":true,"href":"https:\/\/www.laboutiquefleuriste.com\/en\/wp-json\/wp\/v2\/product_brand?post=121"},{"taxonomy":"product_cat","embeddable":true,"href":"https:\/\/www.laboutiquefleuriste.com\/en\/wp-json\/wp\/v2\/product_cat?post=121"},{"taxonomy":"product_tag","embeddable":true,"href":"https:\/\/www.laboutiquefleuriste.com\/en\/wp-json\/wp\/v2\/product_tag?post=121"}],"curies":[{"name":"wp","href":"https:\/\/api.w.org\/{rel}","templated":true}]}}