{"id":112,"date":"2025-11-16T00:25:40","date_gmt":"2025-11-16T00:25:40","guid":{"rendered":"https:\/\/www.laboutiquefleuriste.com\/?post_type=product&#038;p=112"},"modified":"2026-03-06T19:51:22","modified_gmt":"2026-03-06T19:51:22","slug":"le-jardin-chic","status":"publish","type":"product","link":"https:\/\/www.laboutiquefleuriste.com\/en\/boutique\/le-jardin-chic\/","title":{"rendered":"Le jardin chic"},"content":{"rendered":"","protected":false},"excerpt":{"rendered":"<p><strong>Le jardin chic<\/strong> est un coussin de cercueil \u00e9l\u00e9gant et raffin\u00e9, con\u00e7u dans une palette douce de <strong>mauve<\/strong> et de <strong>p\u00eache<\/strong>.<\/p>\n<div>\n<p>Compos\u00e9 de <strong>plusieurs v\u00e9g\u00e9taux soigneusement s\u00e9lectionn\u00e9s<\/strong>, il offre un hommage \u00e0 la fois apaisant, tendre et distingu\u00e9.<\/p>\n<p>Les teintes mauves \u00e9voquent la s\u00e9r\u00e9nit\u00e9, le respect et la dignit\u00e9, tandis que les nuances p\u00eache apportent chaleur, douceur et d\u00e9licatesse.<br \/>\nEnsemble, elles cr\u00e9ent une composition harmonieuse et intemporelle, parfaite pour accompagner une c\u00e9r\u00e9monie fun\u00e9raire et exprimer un dernier adieu empreint de gr\u00e2ce.<\/p>\n<p>Chaque coussin est confectionn\u00e9 avec soin par nos fleuristes, qui veillent \u00e0 respecter l\u2019esth\u00e9tique chic et naturelle de cette cr\u00e9ation.<\/p>\n<p><em>Si un item de cette composition n\u2019est pas disponible au moment d\u2019effectuer la commande, il sera remplac\u00e9 par un \u00e9l\u00e9ment similaire. Le style et le budget seront respect\u00e9s.<\/em><\/p>\n<\/div>","protected":false},"featured_media":114,"template":"","meta":{"_angie_page":false},"product_brand":[],"product_cat":[19,20],"product_tag":[],"class_list":{"0":"post-112","1":"product","2":"type-product","3":"status-publish","4":"has-post-thumbnail","6":"product_cat-funeraille","7":"product_cat-coussin-de-cercueil","8":"product_shipping_class-standard","10":"first","11":"instock","12":"taxable","13":"shipping-taxable","14":"purchasable","15":"product-type-simple"},"jetpack_sharing_enabled":true,"_links":{"self":[{"href":"https:\/\/www.laboutiquefleuriste.com\/en\/wp-json\/wp\/v2\/product\/112","targetHints":{"allow":["GET"]}}],"collection":[{"href":"https:\/\/www.laboutiquefleuriste.com\/en\/wp-json\/wp\/v2\/product"}],"about":[{"href":"https:\/\/www.laboutiquefleuriste.com\/en\/wp-json\/wp\/v2\/types\/product"}],"wp:featuredmedia":[{"embeddable":true,"href":"https:\/\/www.laboutiquefleuriste.com\/en\/wp-json\/wp\/v2\/media\/114"}],"wp:attachment":[{"href":"https:\/\/www.laboutiquefleuriste.com\/en\/wp-json\/wp\/v2\/media?parent=112"}],"wp:term":[{"taxonomy":"product_brand","embeddable":true,"href":"https:\/\/www.laboutiquefleuriste.com\/en\/wp-json\/wp\/v2\/product_brand?post=112"},{"taxonomy":"product_cat","embeddable":true,"href":"https:\/\/www.laboutiquefleuriste.com\/en\/wp-json\/wp\/v2\/product_cat?post=112"},{"taxonomy":"product_tag","embeddable":true,"href":"https:\/\/www.laboutiquefleuriste.com\/en\/wp-json\/wp\/v2\/product_tag?post=112"}],"curies":[{"name":"wp","href":"https:\/\/api.w.org\/{rel}","templated":true}]}}