{"id":109,"date":"2025-11-16T00:24:41","date_gmt":"2025-11-16T00:24:41","guid":{"rendered":"https:\/\/www.laboutiquefleuriste.com\/?post_type=product&#038;p=109"},"modified":"2026-03-06T19:53:32","modified_gmt":"2026-03-06T19:53:32","slug":"tendres-souvenirs","status":"publish","type":"product","link":"https:\/\/www.laboutiquefleuriste.com\/en\/boutique\/tendres-souvenirs\/","title":{"rendered":"Tendres souvenirs"},"content":{"rendered":"","protected":false},"excerpt":{"rendered":"<p><strong>Tendres souvenirs<\/strong> est un coussin de cercueil d\u00e9licat, con\u00e7u pour offrir un hommage empreint de douceur et de s\u00e9r\u00e9nit\u00e9.<\/p>\n<div>\n<p>R\u00e9alis\u00e9 <strong>uniquement dans les teintes de rose<\/strong>, il d\u00e9gage une atmosph\u00e8re apaisante, respectueuse et chaleureuse \u2014 id\u00e9ale pour accompagner dignement un dernier adieu.<\/p>\n<p>Les v\u00e9g\u00e9taux s\u00e9lectionn\u00e9s par le fleuriste varient selon les arrivages, mais respectent toujours cette palette douce et \u00e9l\u00e9gante.<br \/>\nLe rose, symbole d\u2019affection, de gratitude et de tendresse, fait de cet arrangement un choix particuli\u00e8rement r\u00e9confortant pour les familles et proches du d\u00e9funt.<\/p>\n<p><em>Si un item de cette composition n\u2019est pas disponible au moment d\u2019effectuer la commande, il sera remplac\u00e9 par un \u00e9l\u00e9ment similaire. Le style et le budget seront respect\u00e9s.<\/em><\/p>\n<\/div>","protected":false},"featured_media":111,"template":"","meta":{"_angie_page":false},"product_brand":[],"product_cat":[19,20],"product_tag":[],"class_list":{"0":"post-109","1":"product","2":"type-product","3":"status-publish","4":"has-post-thumbnail","6":"product_cat-funeraille","7":"product_cat-coussin-de-cercueil","9":"first","10":"instock","11":"taxable","12":"shipping-taxable","13":"purchasable","14":"product-type-simple"},"jetpack_sharing_enabled":true,"_links":{"self":[{"href":"https:\/\/www.laboutiquefleuriste.com\/en\/wp-json\/wp\/v2\/product\/109","targetHints":{"allow":["GET"]}}],"collection":[{"href":"https:\/\/www.laboutiquefleuriste.com\/en\/wp-json\/wp\/v2\/product"}],"about":[{"href":"https:\/\/www.laboutiquefleuriste.com\/en\/wp-json\/wp\/v2\/types\/product"}],"wp:featuredmedia":[{"embeddable":true,"href":"https:\/\/www.laboutiquefleuriste.com\/en\/wp-json\/wp\/v2\/media\/111"}],"wp:attachment":[{"href":"https:\/\/www.laboutiquefleuriste.com\/en\/wp-json\/wp\/v2\/media?parent=109"}],"wp:term":[{"taxonomy":"product_brand","embeddable":true,"href":"https:\/\/www.laboutiquefleuriste.com\/en\/wp-json\/wp\/v2\/product_brand?post=109"},{"taxonomy":"product_cat","embeddable":true,"href":"https:\/\/www.laboutiquefleuriste.com\/en\/wp-json\/wp\/v2\/product_cat?post=109"},{"taxonomy":"product_tag","embeddable":true,"href":"https:\/\/www.laboutiquefleuriste.com\/en\/wp-json\/wp\/v2\/product_tag?post=109"}],"curies":[{"name":"wp","href":"https:\/\/api.w.org\/{rel}","templated":true}]}}