{"id":106,"date":"2025-11-16T00:23:46","date_gmt":"2025-11-16T00:23:46","guid":{"rendered":"https:\/\/www.laboutiquefleuriste.com\/?post_type=product&#038;p=106"},"modified":"2026-03-06T19:56:58","modified_gmt":"2026-03-06T19:56:58","slug":"le-delicat","status":"publish","type":"product","link":"https:\/\/www.laboutiquefleuriste.com\/en\/boutique\/le-delicat\/","title":{"rendered":"Le d\u00e9licat"},"content":{"rendered":"","protected":false},"excerpt":{"rendered":"<p><strong>Le d\u00e9licat<\/strong> est un coussin de cercueil raffin\u00e9 et lumineux, compos\u00e9 exclusivement de <strong>roses blanches<\/strong>, de <strong>lys blancs<\/strong> et de <strong>girofl\u00e9es blanches<\/strong>.<\/p>\n<div>\n<p>Ces fleurs, reconnues pour leur douceur, leur symbolisme de paix et leur \u00e9l\u00e9gance naturelle, cr\u00e9ent un hommage empreint de s\u00e9r\u00e9nit\u00e9 et de puret\u00e9.<\/p>\n<ul>\n<li>Les <strong>roses blanches<\/strong> \u00e9voquent l\u2019amour sinc\u00e8re et le respect.<\/li>\n<li>Les <strong>lys blancs<\/strong>, tr\u00e8s utilis\u00e9s en contexte fun\u00e9raire, symbolisent la paix, la dignit\u00e9 et le passage vers la lumi\u00e8re.<\/li>\n<li>Les <strong>girofl\u00e9es blanches<\/strong> ajoutent une touche d\u00e9licate et parfum\u00e9e, compl\u00e9tant l\u2019ensemble de mani\u00e8re harmonieuse.<\/li>\n<\/ul>\n<p>Ce coussin est \u00e9galement <strong>disponible avec ou sans chandelles<\/strong>, offrant une option c\u00e9r\u00e9moniale encore plus solennelle et apaisante.<\/p>\n<p><em>Si un item de cette composition n\u2019est pas disponible au moment d\u2019effectuer la commande, il sera remplac\u00e9 par un \u00e9l\u00e9ment similaire. Le style et le budget seront respect\u00e9s.<\/em><\/p>\n<\/div>","protected":false},"featured_media":108,"template":"","meta":{"_angie_page":false},"product_brand":[],"product_cat":[19,20],"product_tag":[],"class_list":{"0":"post-106","1":"product","2":"type-product","3":"status-publish","4":"has-post-thumbnail","6":"product_cat-funeraille","7":"product_cat-coussin-de-cercueil","9":"first","10":"instock","11":"taxable","12":"shipping-taxable","13":"purchasable","14":"product-type-simple"},"jetpack_sharing_enabled":true,"_links":{"self":[{"href":"https:\/\/www.laboutiquefleuriste.com\/en\/wp-json\/wp\/v2\/product\/106","targetHints":{"allow":["GET"]}}],"collection":[{"href":"https:\/\/www.laboutiquefleuriste.com\/en\/wp-json\/wp\/v2\/product"}],"about":[{"href":"https:\/\/www.laboutiquefleuriste.com\/en\/wp-json\/wp\/v2\/types\/product"}],"wp:featuredmedia":[{"embeddable":true,"href":"https:\/\/www.laboutiquefleuriste.com\/en\/wp-json\/wp\/v2\/media\/108"}],"wp:attachment":[{"href":"https:\/\/www.laboutiquefleuriste.com\/en\/wp-json\/wp\/v2\/media?parent=106"}],"wp:term":[{"taxonomy":"product_brand","embeddable":true,"href":"https:\/\/www.laboutiquefleuriste.com\/en\/wp-json\/wp\/v2\/product_brand?post=106"},{"taxonomy":"product_cat","embeddable":true,"href":"https:\/\/www.laboutiquefleuriste.com\/en\/wp-json\/wp\/v2\/product_cat?post=106"},{"taxonomy":"product_tag","embeddable":true,"href":"https:\/\/www.laboutiquefleuriste.com\/en\/wp-json\/wp\/v2\/product_tag?post=106"}],"curies":[{"name":"wp","href":"https:\/\/api.w.org\/{rel}","templated":true}]}}