{"id":103,"date":"2025-11-16T00:22:34","date_gmt":"2025-11-16T00:22:34","guid":{"rendered":"https:\/\/www.laboutiquefleuriste.com\/?post_type=product&#038;p=103"},"modified":"2026-03-06T19:59:03","modified_gmt":"2026-03-06T19:59:03","slug":"les-beaux-jours","status":"publish","type":"product","link":"https:\/\/www.laboutiquefleuriste.com\/en\/boutique\/les-beaux-jours\/","title":{"rendered":"Les beaux jours"},"content":{"rendered":"","protected":false},"excerpt":{"rendered":"<p><strong>Les beaux jours<\/strong> est un coussin de cercueil \u00e9clatant et chaleureux, compos\u00e9 de <strong>v\u00e9g\u00e9taux color\u00e9s<\/strong> soigneusement s\u00e9lectionn\u00e9s.<\/p>\n<div>\n<p>Sa palette vivante \u00e9voque la lumi\u00e8re, l\u2019espoir et la beaut\u00e9 des souvenirs partag\u00e9s, offrant un hommage vibrant et plein de sens.<\/p>\n<p>Les diff\u00e9rents v\u00e9g\u00e9taux utilis\u00e9s varient selon les arrivages, tout en respectant l\u2019intention d\u2019un arrangement lumineux, expressif et harmonieux.<br \/>\nSes couleurs apportent r\u00e9confort et douceur, cr\u00e9ant une atmosph\u00e8re chaleureuse lors d\u2019une c\u00e9r\u00e9monie fun\u00e9raire.<\/p>\n<p><em>Si un item de cette composition n\u2019est pas disponible au moment d\u2019effectuer la commande, il sera remplac\u00e9 par un \u00e9l\u00e9ment similaire. Le style et le budget seront respect\u00e9s.<\/em><\/p>\n<\/div>","protected":false},"featured_media":105,"template":"","meta":{"_angie_page":false},"product_brand":[],"product_cat":[19,20],"product_tag":[],"class_list":{"0":"post-103","1":"product","2":"type-product","3":"status-publish","4":"has-post-thumbnail","6":"product_cat-funeraille","7":"product_cat-coussin-de-cercueil","9":"first","10":"instock","11":"taxable","12":"shipping-taxable","13":"purchasable","14":"product-type-simple"},"jetpack_sharing_enabled":true,"_links":{"self":[{"href":"https:\/\/www.laboutiquefleuriste.com\/en\/wp-json\/wp\/v2\/product\/103","targetHints":{"allow":["GET"]}}],"collection":[{"href":"https:\/\/www.laboutiquefleuriste.com\/en\/wp-json\/wp\/v2\/product"}],"about":[{"href":"https:\/\/www.laboutiquefleuriste.com\/en\/wp-json\/wp\/v2\/types\/product"}],"wp:featuredmedia":[{"embeddable":true,"href":"https:\/\/www.laboutiquefleuriste.com\/en\/wp-json\/wp\/v2\/media\/105"}],"wp:attachment":[{"href":"https:\/\/www.laboutiquefleuriste.com\/en\/wp-json\/wp\/v2\/media?parent=103"}],"wp:term":[{"taxonomy":"product_brand","embeddable":true,"href":"https:\/\/www.laboutiquefleuriste.com\/en\/wp-json\/wp\/v2\/product_brand?post=103"},{"taxonomy":"product_cat","embeddable":true,"href":"https:\/\/www.laboutiquefleuriste.com\/en\/wp-json\/wp\/v2\/product_cat?post=103"},{"taxonomy":"product_tag","embeddable":true,"href":"https:\/\/www.laboutiquefleuriste.com\/en\/wp-json\/wp\/v2\/product_tag?post=103"}],"curies":[{"name":"wp","href":"https:\/\/api.w.org\/{rel}","templated":true}]}}