{"id":1027,"date":"2026-02-26T16:05:59","date_gmt":"2026-02-26T16:05:59","guid":{"rendered":"https:\/\/www.laboutiquefleuriste.com\/?post_type=product&#038;p=1027"},"modified":"2026-04-10T20:11:28","modified_gmt":"2026-04-10T20:11:28","slug":"choix-du-fleuriste","status":"publish","type":"product","link":"https:\/\/www.laboutiquefleuriste.com\/en\/boutique\/choix-du-fleuriste\/","title":{"rendered":"Choix du fleuriste"},"content":{"rendered":"","protected":false},"excerpt":{"rendered":"<style>\na {<br \/>\n    text-decoration: none;<br \/>\n    color: #464feb;<br \/>\n}<br \/>\ntr th, tr td {<br \/>\n    border: 1px solid #e6e6e6;<br \/>\n}<br \/>\ntr th {<br \/>\n    background-color: #f5f5f5;<br \/>\n}<br \/>\n<\/style>\n<div>\n<p>Vous h\u00e9sitez entre plusieurs bouquets\u202f? Laissez notre \u00e9quipe cr\u00e9er pour vous une <strong>composition florale unique<\/strong>, pr\u00e9par\u00e9e avec les <strong>plus belles fleurs disponibles du jour<\/strong>. Chaque bouquet est r\u00e9alis\u00e9 sur mesure pour offrir un arrangement harmonieux, \u00e9l\u00e9gant et parfaitement adapt\u00e9 \u00e0 l\u2019occasion.<\/p>\n<p>Nos fleuristes s\u00e9lectionnent soigneusement des fleurs fra\u00eeches et de saison pour garantir <strong>qualit\u00e9, fra\u00eecheur et originalit\u00e9<\/strong>. La vari\u00e9t\u00e9 et les teintes des fleurs peuvent varier selon les arrivages, ce qui rend chaque bouquet absolument unique et impossible \u00e0 reproduire \u00e0 l\u2019identique \u2014 un v\u00e9ritable cadeau personnalis\u00e9.<\/p>\n<p>Ce bouquet arrive <strong>soigneusement emball\u00e9, sans vase<\/strong>, pr\u00eat \u00e0 \u00eatre offert ou \u00e0 embellir un int\u00e9rieur avec style.<\/p>\n<p><em>Si un item de cette composition n\u2019est pas disponible au moment d\u2019effectuer la commande, il sera remplac\u00e9 par un \u00e9l\u00e9ment similaire. Le style et le budget seront respect\u00e9s.<\/em><\/p>\n<\/div>","protected":false},"featured_media":1029,"template":"","meta":{"_angie_page":false},"product_brand":[],"product_cat":[31,22,19],"product_tag":[],"class_list":{"0":"post-1027","1":"product","2":"type-product","3":"status-publish","4":"has-post-thumbnail","6":"product_cat-bouquet-de-fleurs","7":"product_cat-arrangement-funeraire","8":"product_cat-funeraille","10":"first","11":"instock","12":"taxable","13":"shipping-taxable","14":"purchasable","15":"product-type-variable"},"jetpack_sharing_enabled":true,"_links":{"self":[{"href":"https:\/\/www.laboutiquefleuriste.com\/en\/wp-json\/wp\/v2\/product\/1027","targetHints":{"allow":["GET"]}}],"collection":[{"href":"https:\/\/www.laboutiquefleuriste.com\/en\/wp-json\/wp\/v2\/product"}],"about":[{"href":"https:\/\/www.laboutiquefleuriste.com\/en\/wp-json\/wp\/v2\/types\/product"}],"wp:featuredmedia":[{"embeddable":true,"href":"https:\/\/www.laboutiquefleuriste.com\/en\/wp-json\/wp\/v2\/media\/1029"}],"wp:attachment":[{"href":"https:\/\/www.laboutiquefleuriste.com\/en\/wp-json\/wp\/v2\/media?parent=1027"}],"wp:term":[{"taxonomy":"product_brand","embeddable":true,"href":"https:\/\/www.laboutiquefleuriste.com\/en\/wp-json\/wp\/v2\/product_brand?post=1027"},{"taxonomy":"product_cat","embeddable":true,"href":"https:\/\/www.laboutiquefleuriste.com\/en\/wp-json\/wp\/v2\/product_cat?post=1027"},{"taxonomy":"product_tag","embeddable":true,"href":"https:\/\/www.laboutiquefleuriste.com\/en\/wp-json\/wp\/v2\/product_tag?post=1027"}],"curies":[{"name":"wp","href":"https:\/\/api.w.org\/{rel}","templated":true}]}}