{"id":100,"date":"2025-11-16T00:21:36","date_gmt":"2025-11-16T00:21:36","guid":{"rendered":"https:\/\/www.laboutiquefleuriste.com\/?post_type=product&#038;p=100"},"modified":"2026-03-06T20:02:26","modified_gmt":"2026-03-06T20:02:26","slug":"doucechaleur","status":"publish","type":"product","link":"https:\/\/www.laboutiquefleuriste.com\/en\/boutique\/doucechaleur\/","title":{"rendered":"Douce chaleur"},"content":{"rendered":"","protected":false},"excerpt":{"rendered":"<p><strong>Douce chaleur<\/strong> est un coussin de cercueil vibrant et lumineux, id\u00e9al pour offrir un hommage chaleureux et profond\u00e9ment r\u00e9confortant.<\/p>\n<div>\n<p>Cette composition est r\u00e9alis\u00e9e exclusivement avec des <strong>roses orange<\/strong>, des <strong>gerberas jaunes et orange<\/strong>, ainsi que des <strong>tiges de cymbidiums vertes<\/strong>, cr\u00e9ant une harmonie \u00e9clatante et sophistiqu\u00e9e.<\/p>\n<ul>\n<li>Les <strong>roses orange<\/strong> \u00e9voquent l\u2019admiration, l\u2019\u00e9nergie et la chaleur humaine.<\/li>\n<li>Les <strong>gerberas<\/strong>, avec leurs couleurs franches, apportent joie et luminosit\u00e9.<\/li>\n<li>Les <strong>cymbidiums verts<\/strong>, \u00e9l\u00e9gants et raffin\u00e9s, ajoutent une touche exotique et une structure naturelle au coussin.<\/li>\n<\/ul>\n<p>Parfait pour illuminer une c\u00e9r\u00e9monie fun\u00e9raire, cet arrangement transmet un message de tendresse, de soutien et d\u2019espoir.<\/p>\n<p><em>Si un item de cette composition n\u2019est pas disponible au moment d\u2019effectuer la commande, il sera remplac\u00e9 par un \u00e9l\u00e9ment similaire. Le style et le budget seront respect\u00e9s.<\/em><\/p>\n<\/div>","protected":false},"featured_media":102,"template":"","meta":{"_angie_page":false},"product_brand":[],"product_cat":[19,20],"product_tag":[],"class_list":{"0":"post-100","1":"product","2":"type-product","3":"status-publish","4":"has-post-thumbnail","6":"product_cat-funeraille","7":"product_cat-coussin-de-cercueil","9":"first","10":"instock","11":"taxable","12":"shipping-taxable","13":"purchasable","14":"product-type-simple"},"jetpack_sharing_enabled":true,"_links":{"self":[{"href":"https:\/\/www.laboutiquefleuriste.com\/en\/wp-json\/wp\/v2\/product\/100","targetHints":{"allow":["GET"]}}],"collection":[{"href":"https:\/\/www.laboutiquefleuriste.com\/en\/wp-json\/wp\/v2\/product"}],"about":[{"href":"https:\/\/www.laboutiquefleuriste.com\/en\/wp-json\/wp\/v2\/types\/product"}],"wp:featuredmedia":[{"embeddable":true,"href":"https:\/\/www.laboutiquefleuriste.com\/en\/wp-json\/wp\/v2\/media\/102"}],"wp:attachment":[{"href":"https:\/\/www.laboutiquefleuriste.com\/en\/wp-json\/wp\/v2\/media?parent=100"}],"wp:term":[{"taxonomy":"product_brand","embeddable":true,"href":"https:\/\/www.laboutiquefleuriste.com\/en\/wp-json\/wp\/v2\/product_brand?post=100"},{"taxonomy":"product_cat","embeddable":true,"href":"https:\/\/www.laboutiquefleuriste.com\/en\/wp-json\/wp\/v2\/product_cat?post=100"},{"taxonomy":"product_tag","embeddable":true,"href":"https:\/\/www.laboutiquefleuriste.com\/en\/wp-json\/wp\/v2\/product_tag?post=100"}],"curies":[{"name":"wp","href":"https:\/\/api.w.org\/{rel}","templated":true}]}}