{"id":641,"date":"2025-11-18T02:08:08","date_gmt":"2025-11-18T02:08:08","guid":{"rendered":"https:\/\/www.laboutiquefleuriste.com\/?page_id=641"},"modified":"2026-04-05T15:35:00","modified_gmt":"2026-04-05T15:35:00","slug":"plantes","status":"publish","type":"page","link":"https:\/\/www.laboutiquefleuriste.com\/en\/plantes\/","title":{"rendered":"Plantes d&rsquo;int\u00e9rieur"},"content":{"rendered":"<div data-elementor-type=\"wp-page\" data-elementor-id=\"641\" class=\"elementor elementor-641\" data-elementor-post-type=\"page\">\n\t\t\t\t<div class=\"elementor-element elementor-element-ef86571 e-flex e-con-boxed e-con e-parent\" data-id=\"ef86571\" data-element_type=\"container\" data-e-type=\"container\">\n\t\t\t\t\t<div class=\"e-con-inner\">\n\t\t\t\t<div class=\"elementor-element elementor-element-aee36e1 elementor-widget elementor-widget-heading\" data-id=\"aee36e1\" data-element_type=\"widget\" data-e-type=\"widget\" data-widget_type=\"heading.default\">\n\t\t\t\t\t<h2 class=\"elementor-heading-title elementor-size-default\">Plantes d'int\u00e9rieur<\/h2>\t\t\t\t<\/div>\n\t\t\t\t<div class=\"elementor-element elementor-element-7627e50 elementor-widget-divider--view-line elementor-widget elementor-widget-divider\" data-id=\"7627e50\" data-element_type=\"widget\" data-e-type=\"widget\" data-widget_type=\"divider.default\">\n\t\t\t\t\t\t\t<div class=\"elementor-divider\">\n\t\t\t<span class=\"elementor-divider-separator\">\n\t\t\t\t\t\t<\/span>\n\t\t<\/div>\n\t\t\t\t\t\t<\/div>\n\t\t\t\t\t<\/div>\n\t\t\t\t<\/div>\n\t\t<div class=\"elementor-element elementor-element-06ede73 e-flex e-con-boxed e-con e-parent\" data-id=\"06ede73\" data-element_type=\"container\" data-e-type=\"container\">\n\t\t\t\t\t<div class=\"e-con-inner\">\n\t\t\t\t<div class=\"elementor-element elementor-element-b3af1dc elementor-widget elementor-widget-spacer\" data-id=\"b3af1dc\" data-element_type=\"widget\" data-e-type=\"widget\" data-widget_type=\"spacer.default\">\n\t\t\t\t\t\t\t<div class=\"elementor-spacer\">\n\t\t\t<div class=\"elementor-spacer-inner\"><\/div>\n\t\t<\/div>\n\t\t\t\t\t\t<\/div>\n\t\t\t\t<div class=\"elementor-element elementor-element-88837e7 elementor-widget elementor-widget-text-editor\" data-id=\"88837e7\" data-element_type=\"widget\" data-e-type=\"widget\" data-widget_type=\"text-editor.default\">\n\t\t\t\t\t\t\t\t\t<p data-start=\"153\" data-end=\"555\">Apporter de la vie dans une maison ou un bureau\u2026 Nos plantes sont bien plus que de simples d\u00e9corations : elles cr\u00e9ent une atmosph\u00e8re chaleureuse, apportent de la couleur et embellissent chaque espace. Que ce soit pour offrir en cadeau ou pour se faire plaisir, nos plantes sont s\u00e9lectionn\u00e9es avec soin et livr\u00e9es pr\u00eates \u00e0 \u00eatre admir\u00e9es et choy\u00e9es.<\/p><p data-start=\"153\" data-end=\"555\">Choisissez parmi nos diff\u00e9rentes vari\u00e9t\u00e9s et laissez nos experts pr\u00e9parer votre plante pour une livraison directe \u00e0 domicile ou \u00e0 l\u2019adresse de votre choix. Un petit coin de nature qui fait toujours sourire !<\/p>\t\t\t\t\t\t\t\t<\/div>\n\t\t\t\t<div class=\"elementor-element elementor-element-c001ddf elementor-widget elementor-widget-spacer\" data-id=\"c001ddf\" data-element_type=\"widget\" data-e-type=\"widget\" data-widget_type=\"spacer.default\">\n\t\t\t\t\t\t\t<div class=\"elementor-spacer\">\n\t\t\t<div class=\"elementor-spacer-inner\"><\/div>\n\t\t<\/div>\n\t\t\t\t\t\t<\/div>\n\t\t\t\t<div class=\"elementor-element elementor-element-07a23e9 elementor-grid-tablet-10 elementor-grid-mobile-1 elementor-product-loop-item--align-center elementor-grid-4 elementor-products-grid elementor-wc-products elementor-widget elementor-widget-woocommerce-products\" data-id=\"07a23e9\" data-element_type=\"widget\" data-e-type=\"widget\" data-widget_type=\"woocommerce-products.default\">\n\t\t\t\t<div class=\"elementor-widget-container\">\n\t\t\t\t\t<div class=\"woocommerce columns-4\"><ul class=\"products elementor-grid columns-4\">\n<li class=\"product type-product post-91 status-publish first instock product_cat-plantes has-post-thumbnail taxable shipping-taxable purchasable product-type-simple\" style=\"--span: 1;\">\n\t<a href=\"https:\/\/www.laboutiquefleuriste.com\/en\/boutique\/sansevieria\/\" class=\"woocommerce-LoopProduct-link woocommerce-loop-product__link\"><div class=\"woocommerce-image__wrapper\"><a href=\"https:\/\/www.laboutiquefleuriste.com\/en\/boutique\/sansevieria\/\" title=\"Sansevieria\" class=\"woocommerce-LoopProduct-link woocommerce-loop-product__link\"><div class=\"shoptimizer-plp-carousel-container\"><div class=\"shoptimizer-plp-image-wrapper\"><img fetchpriority=\"high\" decoding=\"async\" width=\"300\" height=\"300\" src=\"https:\/\/www.laboutiquefleuriste.com\/wp-content\/uploads\/2025\/11\/plants-product-4-300x300.jpg\" class=\"attachment-woocommerce_thumbnail size-woocommerce_thumbnail\" alt=\"Sansevieria\" srcset=\"https:\/\/www.laboutiquefleuriste.com\/wp-content\/uploads\/2025\/11\/plants-product-4-300x300.jpg 300w, https:\/\/www.laboutiquefleuriste.com\/wp-content\/uploads\/2025\/11\/plants-product-4-1024x1024.jpg 1024w, https:\/\/www.laboutiquefleuriste.com\/wp-content\/uploads\/2025\/11\/plants-product-4-150x150.jpg 150w, https:\/\/www.laboutiquefleuriste.com\/wp-content\/uploads\/2025\/11\/plants-product-4-768x768.jpg 768w, https:\/\/www.laboutiquefleuriste.com\/wp-content\/uploads\/2025\/11\/plants-product-4-1536x1536.jpg 1536w, https:\/\/www.laboutiquefleuriste.com\/wp-content\/uploads\/2025\/11\/plants-product-4-990x990.jpg 990w, https:\/\/www.laboutiquefleuriste.com\/wp-content\/uploads\/2025\/11\/plants-product-4-441x441.jpg 441w, https:\/\/www.laboutiquefleuriste.com\/wp-content\/uploads\/2025\/11\/plants-product-4-100x100.jpg 100w, https:\/\/www.laboutiquefleuriste.com\/wp-content\/uploads\/2025\/11\/plants-product-4-600x600.jpg 600w, https:\/\/www.laboutiquefleuriste.com\/wp-content\/uploads\/2025\/11\/plants-product-4.jpg 2048w\" sizes=\"(max-width: 360px) 147px, (max-width: 300px) 100vw, 300px\" \/>\t\t\t\n\t<\/div><\/div><\/a><\/div><div class=\"woocommerce-card__header\">\t\t\t\t\t<p class=\"product__categories\"><a href=\"https:\/\/www.laboutiquefleuriste.com\/en\/product-category\/plantes\/\" rel=\"tag\">Plantes<\/a><\/p>\t\t\t\t<div class=\"woocommerce-loop-product__title\"><a tabindex=\"0\" href=\"https:\/\/www.laboutiquefleuriste.com\/en\/boutique\/sansevieria\/\" aria-label=\"Sansevieria\" class=\"woocommerce-LoopProduct-link woocommerce-loop-product__link\">Sansevieria<\/a><\/div>\n\t<span class=\"price\"><span class=\"woocommerce-Price-amount amount\"><bdi>85.00<span class=\"woocommerce-Price-currencySymbol\">&#36;<\/span><\/bdi><\/span><\/span>\n<\/a><a href=\"\/en\/wp-json\/wp\/v2\/pages\/641?add-to-cart=91\" aria-describedby=\"woocommerce_loop_add_to_cart_link_describedby_91\" data-quantity=\"1\" class=\"button product_type_simple add_to_cart_button ajax_add_to_cart\" data-product_id=\"91\" data-product_sku=\"\" aria-label=\"Add to cart: \u201cSansevieria\u201d\" rel=\"nofollow\" data-success_message=\"\u201cSansevieria\u201d has been added to your cart\" role=\"button\" data-no-translation=\"\" data-trp-gettext=\"\" data-no-translation-aria-label=\"\" data-no-translation-data-success_message=\"\">Add to cart<\/a>\t<span id=\"woocommerce_loop_add_to_cart_link_describedby_91\" class=\"screen-reader-text\">\n\t\t\t<\/span>\n<\/div><\/li>\n<li class=\"product type-product post-88 status-publish instock product_cat-plantes has-post-thumbnail taxable shipping-taxable purchasable product-type-simple\" style=\"--span: 1;\">\n\t<a href=\"https:\/\/www.laboutiquefleuriste.com\/en\/boutique\/anthurium\/\" class=\"woocommerce-LoopProduct-link woocommerce-loop-product__link\"><div class=\"woocommerce-image__wrapper\"><a href=\"https:\/\/www.laboutiquefleuriste.com\/en\/boutique\/anthurium\/\" title=\"Anthurium\" class=\"woocommerce-LoopProduct-link woocommerce-loop-product__link\"><div class=\"shoptimizer-plp-carousel-container\"><div class=\"shoptimizer-plp-image-wrapper\"><img decoding=\"async\" width=\"300\" height=\"300\" src=\"https:\/\/www.laboutiquefleuriste.com\/wp-content\/uploads\/2025\/11\/anthurium-300x300.png\" class=\"attachment-woocommerce_thumbnail size-woocommerce_thumbnail\" alt=\"Anthurium\" srcset=\"https:\/\/www.laboutiquefleuriste.com\/wp-content\/uploads\/2025\/11\/anthurium-300x300.png 300w, https:\/\/www.laboutiquefleuriste.com\/wp-content\/uploads\/2025\/11\/anthurium-150x150.png 150w, https:\/\/www.laboutiquefleuriste.com\/wp-content\/uploads\/2025\/11\/anthurium-768x768.png 768w, https:\/\/www.laboutiquefleuriste.com\/wp-content\/uploads\/2025\/11\/anthurium-441x441.png 441w, https:\/\/www.laboutiquefleuriste.com\/wp-content\/uploads\/2025\/11\/anthurium-100x100.png 100w, https:\/\/www.laboutiquefleuriste.com\/wp-content\/uploads\/2025\/11\/anthurium-600x600.png 600w, https:\/\/www.laboutiquefleuriste.com\/wp-content\/uploads\/2025\/11\/anthurium.png 832w\" sizes=\"(max-width: 360px) 147px, (max-width: 300px) 100vw, 300px\" \/>\t\t\t\n\t<\/div><\/div><\/a><\/div><div class=\"woocommerce-card__header\">\t\t\t\t\t<p class=\"product__categories\"><a href=\"https:\/\/www.laboutiquefleuriste.com\/en\/product-category\/plantes\/\" rel=\"tag\">Plantes<\/a><\/p>\t\t\t\t<div class=\"woocommerce-loop-product__title\"><a tabindex=\"0\" href=\"https:\/\/www.laboutiquefleuriste.com\/en\/boutique\/anthurium\/\" aria-label=\"Anthurium\" class=\"woocommerce-LoopProduct-link woocommerce-loop-product__link\">Anthurium<\/a><\/div>\n\t<span class=\"price\"><span class=\"woocommerce-Price-amount amount\"><bdi>90.00<span class=\"woocommerce-Price-currencySymbol\">&#36;<\/span><\/bdi><\/span><\/span>\n<\/a><a href=\"\/en\/wp-json\/wp\/v2\/pages\/641?add-to-cart=88\" aria-describedby=\"woocommerce_loop_add_to_cart_link_describedby_88\" data-quantity=\"1\" class=\"button product_type_simple add_to_cart_button ajax_add_to_cart\" data-product_id=\"88\" data-product_sku=\"\" aria-label=\"Add to cart: \u201cAnthurium\u201d\" rel=\"nofollow\" data-success_message=\"\u201cAnthurium\u201d has been added to your cart\" role=\"button\" data-no-translation=\"\" data-trp-gettext=\"\" data-no-translation-aria-label=\"\" data-no-translation-data-success_message=\"\">Add to cart<\/a>\t<span id=\"woocommerce_loop_add_to_cart_link_describedby_88\" class=\"screen-reader-text\">\n\t\t\t<\/span>\n<\/div><\/li>\n<li class=\"product type-product post-86 status-publish outofstock product_cat-plantes has-post-thumbnail taxable shipping-taxable purchasable product-type-simple\" style=\"--span: 1;\">\n\t<a href=\"https:\/\/www.laboutiquefleuriste.com\/en\/boutique\/spathiphyllum\/\" class=\"woocommerce-LoopProduct-link woocommerce-loop-product__link\"><div class=\"woocommerce-image__wrapper\"><a href=\"https:\/\/www.laboutiquefleuriste.com\/en\/boutique\/spathiphyllum\/\" title=\"Spathiphyllum\" class=\"woocommerce-LoopProduct-link woocommerce-loop-product__link\">\t\t\t<span class=\"product-out-of-stock\"><em>Out of stock<\/em><\/span>\n\t\t\t<div class=\"shoptimizer-plp-carousel-container\"><div class=\"shoptimizer-plp-image-wrapper\"><img decoding=\"async\" width=\"300\" height=\"300\" src=\"https:\/\/www.laboutiquefleuriste.com\/wp-content\/uploads\/2025\/11\/spathiphyllum-300x300.png\" class=\"attachment-woocommerce_thumbnail size-woocommerce_thumbnail\" alt=\"Spathiphyllum\" srcset=\"https:\/\/www.laboutiquefleuriste.com\/wp-content\/uploads\/2025\/11\/spathiphyllum-300x300.png 300w, https:\/\/www.laboutiquefleuriste.com\/wp-content\/uploads\/2025\/11\/spathiphyllum-150x150.png 150w, https:\/\/www.laboutiquefleuriste.com\/wp-content\/uploads\/2025\/11\/spathiphyllum-768x768.png 768w, https:\/\/www.laboutiquefleuriste.com\/wp-content\/uploads\/2025\/11\/spathiphyllum-441x441.png 441w, https:\/\/www.laboutiquefleuriste.com\/wp-content\/uploads\/2025\/11\/spathiphyllum-100x100.png 100w, https:\/\/www.laboutiquefleuriste.com\/wp-content\/uploads\/2025\/11\/spathiphyllum-600x600.png 600w, https:\/\/www.laboutiquefleuriste.com\/wp-content\/uploads\/2025\/11\/spathiphyllum.png 832w\" sizes=\"(max-width: 360px) 147px, (max-width: 300px) 100vw, 300px\" \/>\t\t\t\n\t<\/div><\/div><\/a><\/div><div class=\"woocommerce-card__header\">\t\t\t\t\t<p class=\"product__categories\"><a href=\"https:\/\/www.laboutiquefleuriste.com\/en\/product-category\/plantes\/\" rel=\"tag\">Plantes<\/a><\/p>\t\t\t\t<div class=\"woocommerce-loop-product__title\"><a tabindex=\"0\" href=\"https:\/\/www.laboutiquefleuriste.com\/en\/boutique\/spathiphyllum\/\" aria-label=\"Spathiphyllum\" class=\"woocommerce-LoopProduct-link woocommerce-loop-product__link\">Spathiphyllum<\/a><\/div>\n\t<span class=\"price\"><span class=\"woocommerce-Price-amount amount\"><bdi>55.00<span class=\"woocommerce-Price-currencySymbol\">&#36;<\/span><\/bdi><\/span><\/span>\n<\/a><a href=\"https:\/\/www.laboutiquefleuriste.com\/en\/boutique\/spathiphyllum\/\" aria-describedby=\"woocommerce_loop_add_to_cart_link_describedby_86\" data-quantity=\"1\" class=\"button product_type_simple\" data-product_id=\"86\" data-product_sku=\"\" aria-label=\"Read more about \u201cSpathiphyllum\u201d\" rel=\"nofollow\" data-success_message=\"\" data-no-translation=\"\" data-trp-gettext=\"\" data-no-translation-aria-label=\"\">Read more<\/a>\t<span id=\"woocommerce_loop_add_to_cart_link_describedby_86\" class=\"screen-reader-text\">\n\t\t\t<\/span>\n<\/div><\/li>\n<\/ul>\n<\/div>\t\t\t\t<\/div>\n\t\t\t\t<\/div>\n\t\t\t\t\t<\/div>\n\t\t\t\t<\/div>\n\t\t\t\t<\/div>","protected":false},"excerpt":{"rendered":"<p>Plantes d&rsquo;int\u00e9rieur Apporter de la vie dans une maison ou un bureau\u2026 Nos plantes sont bien plus que de simples d\u00e9corations : elles cr\u00e9ent une atmosph\u00e8re chaleureuse, apportent de la couleur et embellissent chaque espace. Que ce soit pour offrir en cadeau ou pour se faire plaisir, nos plantes sont s\u00e9lectionn\u00e9es avec soin et livr\u00e9es [&hellip;]<\/p>\n","protected":false},"author":1,"featured_media":14,"parent":0,"menu_order":0,"comment_status":"closed","ping_status":"closed","template":"","meta":{"_angie_page":false,"footnotes":""},"class_list":["post-641","page","type-page","status-publish","has-post-thumbnail","hentry"],"jetpack_sharing_enabled":true,"_links":{"self":[{"href":"https:\/\/www.laboutiquefleuriste.com\/en\/wp-json\/wp\/v2\/pages\/641","targetHints":{"allow":["GET"]}}],"collection":[{"href":"https:\/\/www.laboutiquefleuriste.com\/en\/wp-json\/wp\/v2\/pages"}],"about":[{"href":"https:\/\/www.laboutiquefleuriste.com\/en\/wp-json\/wp\/v2\/types\/page"}],"author":[{"embeddable":true,"href":"https:\/\/www.laboutiquefleuriste.com\/en\/wp-json\/wp\/v2\/users\/1"}],"replies":[{"embeddable":true,"href":"https:\/\/www.laboutiquefleuriste.com\/en\/wp-json\/wp\/v2\/comments?post=641"}],"version-history":[{"count":20,"href":"https:\/\/www.laboutiquefleuriste.com\/en\/wp-json\/wp\/v2\/pages\/641\/revisions"}],"predecessor-version":[{"id":1190,"href":"https:\/\/www.laboutiquefleuriste.com\/en\/wp-json\/wp\/v2\/pages\/641\/revisions\/1190"}],"wp:featuredmedia":[{"embeddable":true,"href":"https:\/\/www.laboutiquefleuriste.com\/en\/wp-json\/wp\/v2\/media\/14"}],"wp:attachment":[{"href":"https:\/\/www.laboutiquefleuriste.com\/en\/wp-json\/wp\/v2\/media?parent=641"}],"curies":[{"name":"wp","href":"https:\/\/api.w.org\/{rel}","templated":true}]}}