{"id":619,"date":"2025-11-18T01:59:58","date_gmt":"2025-11-18T01:59:58","guid":{"rendered":"https:\/\/www.laboutiquefleuriste.com\/?page_id=619"},"modified":"2026-04-05T15:34:23","modified_gmt":"2026-04-05T15:34:23","slug":"arrangement-funeraire","status":"publish","type":"page","link":"https:\/\/www.laboutiquefleuriste.com\/en\/arrangement-funeraire\/","title":{"rendered":"Arrangement fun\u00e9raire"},"content":{"rendered":"<div data-elementor-type=\"wp-page\" data-elementor-id=\"619\" class=\"elementor elementor-619\" data-elementor-post-type=\"page\">\n\t\t\t\t<div class=\"elementor-element elementor-element-ef86571 e-flex e-con-boxed e-con e-parent\" data-id=\"ef86571\" data-element_type=\"container\" data-e-type=\"container\">\n\t\t\t\t\t<div class=\"e-con-inner\">\n\t\t\t\t<div class=\"elementor-element elementor-element-aee36e1 elementor-widget elementor-widget-heading\" data-id=\"aee36e1\" data-element_type=\"widget\" data-e-type=\"widget\" data-widget_type=\"heading.default\">\n\t\t\t\t\t<h2 class=\"elementor-heading-title elementor-size-default\">Arrangements fun\u00e9raires<\/h2>\t\t\t\t<\/div>\n\t\t\t\t<div class=\"elementor-element elementor-element-3747d74 elementor-widget-divider--view-line elementor-widget elementor-widget-divider\" data-id=\"3747d74\" data-element_type=\"widget\" data-e-type=\"widget\" data-widget_type=\"divider.default\">\n\t\t\t\t\t\t\t<div class=\"elementor-divider\">\n\t\t\t<span class=\"elementor-divider-separator\">\n\t\t\t\t\t\t<\/span>\n\t\t<\/div>\n\t\t\t\t\t\t<\/div>\n\t\t\t\t\t<\/div>\n\t\t\t\t<\/div>\n\t\t<div class=\"elementor-element elementor-element-06ede73 e-flex e-con-boxed e-con e-parent\" data-id=\"06ede73\" data-element_type=\"container\" data-e-type=\"container\">\n\t\t\t\t\t<div class=\"e-con-inner\">\n\t\t\t\t<div class=\"elementor-element elementor-element-b3af1dc elementor-widget elementor-widget-spacer\" data-id=\"b3af1dc\" data-element_type=\"widget\" data-e-type=\"widget\" data-widget_type=\"spacer.default\">\n\t\t\t\t\t\t\t<div class=\"elementor-spacer\">\n\t\t\t<div class=\"elementor-spacer-inner\"><\/div>\n\t\t<\/div>\n\t\t\t\t\t\t<\/div>\n\t\t\t\t<div class=\"elementor-element elementor-element-88837e7 elementor-widget elementor-widget-text-editor\" data-id=\"88837e7\" data-element_type=\"widget\" data-e-type=\"widget\" data-widget_type=\"text-editor.default\">\n\t\t\t\t\t\t\t\t\t<p data-start=\"153\" data-end=\"555\">Exprimer son soutien avec \u00e9l\u00e9gance\u2026 Lorsqu\u2019un deuil survient, les fleurs deviennent un langage \u00e0 part enti\u00e8re, capable d\u2019apporter r\u00e9confort et lumi\u00e8re. Nos arrangements fun\u00e9raires sont r\u00e9alis\u00e9s avec des fleurs fra\u00eeches de saison et con\u00e7us pour accompagner dignement la c\u00e9r\u00e9monie, qu\u2019il s\u2019agisse d\u2019un hommage en salon, d\u2019un service religieux ou d\u2019une c\u00e9l\u00e9bration de vie.<\/p><p data-start=\"153\" data-end=\"555\">Faites-nous part du lieu et du moment : nous assurons la livraison afin que votre pens\u00e9e soit pr\u00e9sente, m\u00eame \u00e0 distance.<\/p>\t\t\t\t\t\t\t\t<\/div>\n\t\t\t\t<div class=\"elementor-element elementor-element-c001ddf elementor-widget elementor-widget-spacer\" data-id=\"c001ddf\" data-element_type=\"widget\" data-e-type=\"widget\" data-widget_type=\"spacer.default\">\n\t\t\t\t\t\t\t<div class=\"elementor-spacer\">\n\t\t\t<div class=\"elementor-spacer-inner\"><\/div>\n\t\t<\/div>\n\t\t\t\t\t\t<\/div>\n\t\t\t\t<div class=\"elementor-element elementor-element-07a23e9 elementor-grid-tablet-10 elementor-grid-mobile-1 elementor-product-loop-item--align-center elementor-grid-4 elementor-products-grid elementor-wc-products elementor-widget elementor-widget-woocommerce-products\" data-id=\"07a23e9\" data-element_type=\"widget\" data-e-type=\"widget\" data-widget_type=\"woocommerce-products.default\">\n\t\t\t\t<div class=\"elementor-widget-container\">\n\t\t\t\t\t<div class=\"woocommerce columns-4\"><ul class=\"products elementor-grid columns-4\">\n<li class=\"product type-product post-1027 status-publish first instock product_cat-bouquet-de-fleurs product_cat-arrangement-funeraire product_cat-funeraille has-post-thumbnail taxable shipping-taxable purchasable product-type-variable\" style=\"--span: 1;\">\n\t<a href=\"https:\/\/www.laboutiquefleuriste.com\/en\/boutique\/choix-du-fleuriste\/\" class=\"woocommerce-LoopProduct-link woocommerce-loop-product__link\"><div class=\"woocommerce-image__wrapper\"><a href=\"https:\/\/www.laboutiquefleuriste.com\/en\/boutique\/choix-du-fleuriste\/\" title=\"Choix du fleuriste\" class=\"woocommerce-LoopProduct-link woocommerce-loop-product__link\"><div class=\"shoptimizer-plp-carousel-container\"><div class=\"shoptimizer-plp-image-wrapper\"><img fetchpriority=\"high\" decoding=\"async\" width=\"300\" height=\"300\" src=\"https:\/\/www.laboutiquefleuriste.com\/wp-content\/uploads\/2026\/02\/aida-batres-_QxzSVWesm0-unsplash-300x300.jpg\" class=\"attachment-woocommerce_thumbnail size-woocommerce_thumbnail\" alt=\"Choix du fleuriste\" srcset=\"https:\/\/www.laboutiquefleuriste.com\/wp-content\/uploads\/2026\/02\/aida-batres-_QxzSVWesm0-unsplash-300x300.jpg 300w, https:\/\/www.laboutiquefleuriste.com\/wp-content\/uploads\/2026\/02\/aida-batres-_QxzSVWesm0-unsplash-150x150.jpg 150w, https:\/\/www.laboutiquefleuriste.com\/wp-content\/uploads\/2026\/02\/aida-batres-_QxzSVWesm0-unsplash-100x100.jpg 100w\" sizes=\"(max-width: 360px) 147px, (max-width: 300px) 100vw, 300px\" \/>\t\t\t\n\t<\/div><\/div><\/a><\/div><div class=\"woocommerce-card__header\">\t\t\t\t\t<p class=\"product__categories\"><a href=\"https:\/\/www.laboutiquefleuriste.com\/en\/product-category\/bouquet-de-fleurs\/\" rel=\"tag\">Bouquet de fleurs<\/a>, <a href=\"https:\/\/www.laboutiquefleuriste.com\/en\/product-category\/funeraille\/arrangement-funeraire\/\" rel=\"tag\">Arrangement fun\u00e9raire<\/a>, <a href=\"https:\/\/www.laboutiquefleuriste.com\/en\/product-category\/funeraille\/\" rel=\"tag\">Fun\u00e9raille<\/a><\/p>\t\t\t\t<div class=\"woocommerce-loop-product__title\"><a tabindex=\"0\" href=\"https:\/\/www.laboutiquefleuriste.com\/en\/boutique\/choix-du-fleuriste\/\" aria-label=\"Choix du fleuriste\" class=\"woocommerce-LoopProduct-link woocommerce-loop-product__link\">Choix du fleuriste<\/a><\/div>\n\t<span class=\"price\"><span class=\"woocommerce-Price-amount amount\" aria-hidden=\"true\"><bdi>50.00<span class=\"woocommerce-Price-currencySymbol\">&#36;<\/span><\/bdi><\/span> <span aria-hidden=\"true\">&ndash;<\/span> <span class=\"woocommerce-Price-amount amount\" aria-hidden=\"true\"><bdi>100.00<span class=\"woocommerce-Price-currencySymbol\">&#36;<\/span><\/bdi><\/span><span class=\"screen-reader-text\" data-no-translation=\"\" data-trp-gettext=\"\">Price range: 50.00&#36; through 100.00&#36;<\/span><\/span>\n<\/a><a href=\"https:\/\/www.laboutiquefleuriste.com\/en\/boutique\/choix-du-fleuriste\/\" aria-describedby=\"woocommerce_loop_add_to_cart_link_describedby_1027\" data-quantity=\"1\" class=\"button product_type_variable add_to_cart_button\" data-product_id=\"1027\" data-product_sku=\"\" aria-label=\"Select options for \u201cChoix du fleuriste\u201d\" rel=\"nofollow\" data-no-translation=\"\" data-trp-gettext=\"\" data-no-translation-aria-label=\"\">Select options<\/a>\t<span id=\"woocommerce_loop_add_to_cart_link_describedby_1027\" class=\"screen-reader-text\">\n\t\tThis product has multiple variants. The options may be chosen on the product page\t<\/span>\n<\/div><\/li>\n<li class=\"product type-product post-136 status-publish instock product_cat-funeraille product_cat-arrangement-funeraire has-post-thumbnail taxable shipping-taxable purchasable product-type-simple\" style=\"--span: 1;\">\n\t<a href=\"https:\/\/www.laboutiquefleuriste.com\/en\/boutique\/lenvolee\/\" class=\"woocommerce-LoopProduct-link woocommerce-loop-product__link\"><div class=\"woocommerce-image__wrapper\"><a href=\"https:\/\/www.laboutiquefleuriste.com\/en\/boutique\/lenvolee\/\" title=\"L&rsquo;envol\u00e9e\" class=\"woocommerce-LoopProduct-link woocommerce-loop-product__link\"><div class=\"shoptimizer-plp-carousel-container\"><div class=\"shoptimizer-plp-image-wrapper\"><img decoding=\"async\" width=\"300\" height=\"300\" src=\"https:\/\/www.laboutiquefleuriste.com\/wp-content\/uploads\/2025\/11\/C21-4874-300x300.jpg\" class=\"attachment-woocommerce_thumbnail size-woocommerce_thumbnail\" alt=\"L&#039;envol\u00e9e\" srcset=\"https:\/\/www.laboutiquefleuriste.com\/wp-content\/uploads\/2025\/11\/C21-4874-300x300.jpg 300w, https:\/\/www.laboutiquefleuriste.com\/wp-content\/uploads\/2025\/11\/C21-4874-150x150.jpg 150w, https:\/\/www.laboutiquefleuriste.com\/wp-content\/uploads\/2025\/11\/C21-4874-100x100.jpg 100w\" sizes=\"(max-width: 360px) 147px, (max-width: 300px) 100vw, 300px\" \/>\t\t\t\n\t<\/div><\/div><\/a><\/div><div class=\"woocommerce-card__header\">\t\t\t\t\t<p class=\"product__categories\"><a href=\"https:\/\/www.laboutiquefleuriste.com\/en\/product-category\/funeraille\/\" rel=\"tag\">Fun\u00e9raille<\/a>, <a href=\"https:\/\/www.laboutiquefleuriste.com\/en\/product-category\/funeraille\/arrangement-funeraire\/\" rel=\"tag\">Arrangement fun\u00e9raire<\/a><\/p>\t\t\t\t<div class=\"woocommerce-loop-product__title\"><a tabindex=\"0\" href=\"https:\/\/www.laboutiquefleuriste.com\/en\/boutique\/lenvolee\/\" aria-label=\"L&rsquo;envol\u00e9e\" class=\"woocommerce-LoopProduct-link woocommerce-loop-product__link\">L&rsquo;envol\u00e9e<\/a><\/div>\n\t<span class=\"price\"><span class=\"woocommerce-Price-amount amount\"><bdi>125.00<span class=\"woocommerce-Price-currencySymbol\">&#36;<\/span><\/bdi><\/span><\/span>\n<\/a><a href=\"\/en\/wp-json\/wp\/v2\/pages\/619?add-to-cart=136\" aria-describedby=\"woocommerce_loop_add_to_cart_link_describedby_136\" data-quantity=\"1\" class=\"button product_type_simple add_to_cart_button ajax_add_to_cart\" data-product_id=\"136\" data-product_sku=\"\" aria-label=\"Add to cart: \u201cL&#039;envol\u00e9e\u201d\" rel=\"nofollow\" data-success_message=\"\u201cL&#039;envol\u00e9e\u201d has been added to your cart\" role=\"button\" data-no-translation=\"\" data-trp-gettext=\"\" data-no-translation-aria-label=\"\" data-no-translation-data-success_message=\"\">Add to cart<\/a>\t<span id=\"woocommerce_loop_add_to_cart_link_describedby_136\" class=\"screen-reader-text\">\n\t\t\t<\/span>\n<\/div><\/li>\n<li class=\"product type-product post-133 status-publish instock product_cat-funeraille product_cat-arrangement-funeraire has-post-thumbnail taxable shipping-taxable purchasable product-type-simple\" style=\"--span: 1;\">\n\t<a href=\"https:\/\/www.laboutiquefleuriste.com\/en\/boutique\/le-flamboyant\/\" class=\"woocommerce-LoopProduct-link woocommerce-loop-product__link\"><div class=\"woocommerce-image__wrapper\"><a href=\"https:\/\/www.laboutiquefleuriste.com\/en\/boutique\/le-flamboyant\/\" title=\"Le flamboyant\" class=\"woocommerce-LoopProduct-link woocommerce-loop-product__link\"><div class=\"shoptimizer-plp-carousel-container\"><div class=\"shoptimizer-plp-image-wrapper\"><img decoding=\"async\" width=\"300\" height=\"300\" src=\"https:\/\/www.laboutiquefleuriste.com\/wp-content\/uploads\/2025\/11\/C21-4873-300x300.jpg\" class=\"attachment-woocommerce_thumbnail size-woocommerce_thumbnail\" alt=\"Le flamboyant\" srcset=\"https:\/\/www.laboutiquefleuriste.com\/wp-content\/uploads\/2025\/11\/C21-4873-300x300.jpg 300w, https:\/\/www.laboutiquefleuriste.com\/wp-content\/uploads\/2025\/11\/C21-4873-150x150.jpg 150w, https:\/\/www.laboutiquefleuriste.com\/wp-content\/uploads\/2025\/11\/C21-4873-100x100.jpg 100w\" sizes=\"(max-width: 360px) 147px, (max-width: 300px) 100vw, 300px\" \/>\t\t\t\n\t<\/div><\/div><\/a><\/div><div class=\"woocommerce-card__header\">\t\t\t\t\t<p class=\"product__categories\"><a href=\"https:\/\/www.laboutiquefleuriste.com\/en\/product-category\/funeraille\/\" rel=\"tag\">Fun\u00e9raille<\/a>, <a href=\"https:\/\/www.laboutiquefleuriste.com\/en\/product-category\/funeraille\/arrangement-funeraire\/\" rel=\"tag\">Arrangement fun\u00e9raire<\/a><\/p>\t\t\t\t<div class=\"woocommerce-loop-product__title\"><a tabindex=\"0\" href=\"https:\/\/www.laboutiquefleuriste.com\/en\/boutique\/le-flamboyant\/\" aria-label=\"Le flamboyant\" class=\"woocommerce-LoopProduct-link woocommerce-loop-product__link\">Le flamboyant<\/a><\/div>\n\t<span class=\"price\"><span class=\"woocommerce-Price-amount amount\"><bdi>150.00<span class=\"woocommerce-Price-currencySymbol\">&#36;<\/span><\/bdi><\/span><\/span>\n<\/a><a href=\"\/en\/wp-json\/wp\/v2\/pages\/619?add-to-cart=133\" aria-describedby=\"woocommerce_loop_add_to_cart_link_describedby_133\" data-quantity=\"1\" class=\"button product_type_simple add_to_cart_button ajax_add_to_cart\" data-product_id=\"133\" data-product_sku=\"\" aria-label=\"Add to cart: \u201cLe flamboyant\u201d\" rel=\"nofollow\" data-success_message=\"\u201cLe flamboyant\u201d has been added to your cart\" role=\"button\" data-no-translation=\"\" data-trp-gettext=\"\" data-no-translation-aria-label=\"\" data-no-translation-data-success_message=\"\">Add to cart<\/a>\t<span id=\"woocommerce_loop_add_to_cart_link_describedby_133\" class=\"screen-reader-text\">\n\t\t\t<\/span>\n<\/div><\/li>\n<li class=\"product type-product post-130 status-publish last instock product_cat-funeraille product_cat-arrangement-funeraire has-post-thumbnail taxable shipping-taxable purchasable product-type-simple\" style=\"--span: 1;\">\n\t<a href=\"https:\/\/www.laboutiquefleuriste.com\/en\/boutique\/lextravagant\/\" class=\"woocommerce-LoopProduct-link woocommerce-loop-product__link\"><div class=\"woocommerce-image__wrapper\"><a href=\"https:\/\/www.laboutiquefleuriste.com\/en\/boutique\/lextravagant\/\" title=\"L&rsquo;extravagant\" class=\"woocommerce-LoopProduct-link woocommerce-loop-product__link\"><div class=\"shoptimizer-plp-carousel-container\"><div class=\"shoptimizer-plp-image-wrapper\"><img loading=\"lazy\" decoding=\"async\" width=\"300\" height=\"300\" src=\"https:\/\/www.laboutiquefleuriste.com\/wp-content\/uploads\/2025\/11\/l_extravagant-300x300.png\" class=\"attachment-woocommerce_thumbnail size-woocommerce_thumbnail\" alt=\"L&#039;extravagant\" srcset=\"https:\/\/www.laboutiquefleuriste.com\/wp-content\/uploads\/2025\/11\/l_extravagant-300x300.png 300w, https:\/\/www.laboutiquefleuriste.com\/wp-content\/uploads\/2025\/11\/l_extravagant-150x150.png 150w, https:\/\/www.laboutiquefleuriste.com\/wp-content\/uploads\/2025\/11\/l_extravagant-100x100.png 100w\" sizes=\"(max-width: 360px) 147px, (max-width: 300px) 100vw, 300px\" \/>\t\t\t\n\t<\/div><\/div><\/a><\/div><div class=\"woocommerce-card__header\">\t\t\t\t\t<p class=\"product__categories\"><a href=\"https:\/\/www.laboutiquefleuriste.com\/en\/product-category\/funeraille\/\" rel=\"tag\">Fun\u00e9raille<\/a>, <a href=\"https:\/\/www.laboutiquefleuriste.com\/en\/product-category\/funeraille\/arrangement-funeraire\/\" rel=\"tag\">Arrangement fun\u00e9raire<\/a><\/p>\t\t\t\t<div class=\"woocommerce-loop-product__title\"><a tabindex=\"0\" href=\"https:\/\/www.laboutiquefleuriste.com\/en\/boutique\/lextravagant\/\" aria-label=\"L&rsquo;extravagant\" class=\"woocommerce-LoopProduct-link woocommerce-loop-product__link\">L&rsquo;extravagant<\/a><\/div>\n\t<span class=\"price\"><span class=\"woocommerce-Price-amount amount\"><bdi>375.00<span class=\"woocommerce-Price-currencySymbol\">&#36;<\/span><\/bdi><\/span><\/span>\n<\/a><a href=\"\/en\/wp-json\/wp\/v2\/pages\/619?add-to-cart=130\" aria-describedby=\"woocommerce_loop_add_to_cart_link_describedby_130\" data-quantity=\"1\" class=\"button product_type_simple add_to_cart_button ajax_add_to_cart\" data-product_id=\"130\" data-product_sku=\"\" aria-label=\"Add to cart: \u201cL&#039;extravagant\u201d\" rel=\"nofollow\" data-success_message=\"\u201cL&#039;extravagant\u201d has been added to your cart\" role=\"button\" data-no-translation=\"\" data-trp-gettext=\"\" data-no-translation-aria-label=\"\" data-no-translation-data-success_message=\"\">Add to cart<\/a>\t<span id=\"woocommerce_loop_add_to_cart_link_describedby_130\" class=\"screen-reader-text\">\n\t\t\t<\/span>\n<\/div><\/li>\n<li class=\"product type-product post-127 status-publish first instock product_cat-funeraille product_cat-arrangement-durne product_cat-arrangement-funeraire has-post-thumbnail taxable shipping-taxable purchasable product-type-simple\" style=\"--span: 1;\">\n\t<a href=\"https:\/\/www.laboutiquefleuriste.com\/en\/boutique\/le-chic-et-elegant\/\" class=\"woocommerce-LoopProduct-link woocommerce-loop-product__link\"><div class=\"woocommerce-image__wrapper\"><a href=\"https:\/\/www.laboutiquefleuriste.com\/en\/boutique\/le-chic-et-elegant\/\" title=\"Le chic et \u00e9l\u00e9gant\" class=\"woocommerce-LoopProduct-link woocommerce-loop-product__link\"><div class=\"shoptimizer-plp-carousel-container\"><div class=\"shoptimizer-plp-image-wrapper\"><img loading=\"lazy\" decoding=\"async\" width=\"300\" height=\"300\" src=\"https:\/\/www.laboutiquefleuriste.com\/wp-content\/uploads\/2025\/11\/Captured_ecran_le2025-09-08a11.22.41-300x300.png\" class=\"attachment-woocommerce_thumbnail size-woocommerce_thumbnail\" alt=\"Le chic et \u00e9l\u00e9gant\" srcset=\"https:\/\/www.laboutiquefleuriste.com\/wp-content\/uploads\/2025\/11\/Captured_ecran_le2025-09-08a11.22.41-300x300.png 300w, https:\/\/www.laboutiquefleuriste.com\/wp-content\/uploads\/2025\/11\/Captured_ecran_le2025-09-08a11.22.41-150x150.png 150w, https:\/\/www.laboutiquefleuriste.com\/wp-content\/uploads\/2025\/11\/Captured_ecran_le2025-09-08a11.22.41-100x100.png 100w\" sizes=\"(max-width: 360px) 147px, (max-width: 300px) 100vw, 300px\" \/>\t\t\t\n\t<\/div><\/div><\/a><\/div><div class=\"woocommerce-card__header\">\t\t\t\t\t<p class=\"product__categories\"><a href=\"https:\/\/www.laboutiquefleuriste.com\/en\/product-category\/funeraille\/\" rel=\"tag\">Fun\u00e9raille<\/a>, <a href=\"https:\/\/www.laboutiquefleuriste.com\/en\/product-category\/funeraille\/arrangement-durne\/\" rel=\"tag\">Arrangement d'urne<\/a>, <a href=\"https:\/\/www.laboutiquefleuriste.com\/en\/product-category\/funeraille\/arrangement-funeraire\/\" rel=\"tag\">Arrangement fun\u00e9raire<\/a><\/p>\t\t\t\t<div class=\"woocommerce-loop-product__title\"><a tabindex=\"0\" href=\"https:\/\/www.laboutiquefleuriste.com\/en\/boutique\/le-chic-et-elegant\/\" aria-label=\"Le chic et \u00e9l\u00e9gant\" class=\"woocommerce-LoopProduct-link woocommerce-loop-product__link\">Le chic et \u00e9l\u00e9gant<\/a><\/div>\n\t<span class=\"price\"><span class=\"woocommerce-Price-amount amount\"><bdi>285.00<span class=\"woocommerce-Price-currencySymbol\">&#36;<\/span><\/bdi><\/span><\/span>\n<\/a><a href=\"\/en\/wp-json\/wp\/v2\/pages\/619?add-to-cart=127\" aria-describedby=\"woocommerce_loop_add_to_cart_link_describedby_127\" data-quantity=\"1\" class=\"button product_type_simple add_to_cart_button ajax_add_to_cart\" data-product_id=\"127\" data-product_sku=\"\" aria-label=\"Add to cart: \u201cLe chic et \u00e9l\u00e9gant\u201d\" rel=\"nofollow\" data-success_message=\"\u201cLe chic et \u00e9l\u00e9gant\u201d has been added to your cart\" role=\"button\" data-no-translation=\"\" data-trp-gettext=\"\" data-no-translation-aria-label=\"\" data-no-translation-data-success_message=\"\">Add to cart<\/a>\t<span id=\"woocommerce_loop_add_to_cart_link_describedby_127\" class=\"screen-reader-text\">\n\t\t\t<\/span>\n<\/div><\/li>\n<\/ul>\n<\/div>\t\t\t\t<\/div>\n\t\t\t\t<\/div>\n\t\t\t\t\t<\/div>\n\t\t\t\t<\/div>\n\t\t\t\t<\/div>","protected":false},"excerpt":{"rendered":"<p>Arrangements fun\u00e9raires Exprimer son soutien avec \u00e9l\u00e9gance\u2026 Lorsqu\u2019un deuil survient, les fleurs deviennent un langage \u00e0 part enti\u00e8re, capable d\u2019apporter r\u00e9confort et lumi\u00e8re. Nos arrangements fun\u00e9raires sont r\u00e9alis\u00e9s avec des fleurs fra\u00eeches de saison et con\u00e7us pour accompagner dignement la c\u00e9r\u00e9monie, qu\u2019il s\u2019agisse d\u2019un hommage en salon, d\u2019un service religieux ou d\u2019une c\u00e9l\u00e9bration de vie. [&hellip;]<\/p>\n","protected":false},"author":1,"featured_media":114,"parent":0,"menu_order":0,"comment_status":"closed","ping_status":"closed","template":"","meta":{"_angie_page":false,"footnotes":""},"class_list":["post-619","page","type-page","status-publish","has-post-thumbnail","hentry"],"jetpack_sharing_enabled":true,"_links":{"self":[{"href":"https:\/\/www.laboutiquefleuriste.com\/en\/wp-json\/wp\/v2\/pages\/619","targetHints":{"allow":["GET"]}}],"collection":[{"href":"https:\/\/www.laboutiquefleuriste.com\/en\/wp-json\/wp\/v2\/pages"}],"about":[{"href":"https:\/\/www.laboutiquefleuriste.com\/en\/wp-json\/wp\/v2\/types\/page"}],"author":[{"embeddable":true,"href":"https:\/\/www.laboutiquefleuriste.com\/en\/wp-json\/wp\/v2\/users\/1"}],"replies":[{"embeddable":true,"href":"https:\/\/www.laboutiquefleuriste.com\/en\/wp-json\/wp\/v2\/comments?post=619"}],"version-history":[{"count":10,"href":"https:\/\/www.laboutiquefleuriste.com\/en\/wp-json\/wp\/v2\/pages\/619\/revisions"}],"predecessor-version":[{"id":1181,"href":"https:\/\/www.laboutiquefleuriste.com\/en\/wp-json\/wp\/v2\/pages\/619\/revisions\/1181"}],"wp:featuredmedia":[{"embeddable":true,"href":"https:\/\/www.laboutiquefleuriste.com\/en\/wp-json\/wp\/v2\/media\/114"}],"wp:attachment":[{"href":"https:\/\/www.laboutiquefleuriste.com\/en\/wp-json\/wp\/v2\/media?parent=619"}],"curies":[{"name":"wp","href":"https:\/\/api.w.org\/{rel}","templated":true}]}}