{"id":617,"date":"2025-11-18T01:59:39","date_gmt":"2025-11-18T01:59:39","guid":{"rendered":"https:\/\/www.laboutiquefleuriste.com\/?page_id=617"},"modified":"2026-04-05T15:34:37","modified_gmt":"2026-04-05T15:34:37","slug":"arrangement-durne","status":"publish","type":"page","link":"https:\/\/www.laboutiquefleuriste.com\/en\/arrangement-durne\/","title":{"rendered":"Arrangement d&rsquo;urne &#8211; La Boutique fleuriste Lorraine"},"content":{"rendered":"<div data-elementor-type=\"wp-page\" data-elementor-id=\"617\" class=\"elementor elementor-617\" data-elementor-post-type=\"page\">\n\t\t\t\t<div class=\"elementor-element elementor-element-ef86571 e-flex e-con-boxed e-con e-parent\" data-id=\"ef86571\" data-element_type=\"container\" data-e-type=\"container\">\n\t\t\t\t\t<div class=\"e-con-inner\">\n\t\t\t\t<div class=\"elementor-element elementor-element-aee36e1 elementor-widget elementor-widget-heading\" data-id=\"aee36e1\" data-element_type=\"widget\" data-e-type=\"widget\" data-widget_type=\"heading.default\">\n\t\t\t\t\t<h2 class=\"elementor-heading-title elementor-size-default\">Arrangement d'urne<\/h2>\t\t\t\t<\/div>\n\t\t\t\t<div class=\"elementor-element elementor-element-d9175d6 elementor-widget-divider--view-line elementor-widget elementor-widget-divider\" data-id=\"d9175d6\" data-element_type=\"widget\" data-e-type=\"widget\" data-widget_type=\"divider.default\">\n\t\t\t\t\t\t\t<div class=\"elementor-divider\">\n\t\t\t<span class=\"elementor-divider-separator\">\n\t\t\t\t\t\t<\/span>\n\t\t<\/div>\n\t\t\t\t\t\t<\/div>\n\t\t\t\t\t<\/div>\n\t\t\t\t<\/div>\n\t\t<div class=\"elementor-element elementor-element-06ede73 e-flex e-con-boxed e-con e-parent\" data-id=\"06ede73\" data-element_type=\"container\" data-e-type=\"container\">\n\t\t\t\t\t<div class=\"e-con-inner\">\n\t\t\t\t<div class=\"elementor-element elementor-element-b3af1dc elementor-widget elementor-widget-spacer\" data-id=\"b3af1dc\" data-element_type=\"widget\" data-e-type=\"widget\" data-widget_type=\"spacer.default\">\n\t\t\t\t\t\t\t<div class=\"elementor-spacer\">\n\t\t\t<div class=\"elementor-spacer-inner\"><\/div>\n\t\t<\/div>\n\t\t\t\t\t\t<\/div>\n\t\t\t\t<div class=\"elementor-element elementor-element-88837e7 elementor-widget elementor-widget-text-editor\" data-id=\"88837e7\" data-element_type=\"widget\" data-e-type=\"widget\" data-widget_type=\"text-editor.default\">\n\t\t\t\t\t\t\t\t\t<p data-start=\"153\" data-end=\"555\">Rendre hommage avec d\u00e9licatesse\u2026 Les arrangements d\u2019urne sont con\u00e7us pour entourer la m\u00e9moire d\u2019un \u00eatre cher avec douceur et respect. Nos designers floraux cr\u00e9ent des compositions fines, harmonieuses et adapt\u00e9es au style de la c\u00e9r\u00e9monie, qu\u2019elle soit intime ou plus solennelle.<\/p><p data-start=\"153\" data-end=\"555\">Dites-nous o\u00f9 aura lieu l\u2019hommage : nous pouvons livrer directement au salon fun\u00e9raire, au columbarium ou \u00e0 la r\u00e9sidence, afin que votre geste refl\u00e8te parfaitement l\u2019amour et la dignit\u00e9 que vous souhaitez transmettre.<\/p>\t\t\t\t\t\t\t\t<\/div>\n\t\t\t\t<div class=\"elementor-element elementor-element-c001ddf elementor-widget elementor-widget-spacer\" data-id=\"c001ddf\" data-element_type=\"widget\" data-e-type=\"widget\" data-widget_type=\"spacer.default\">\n\t\t\t\t\t\t\t<div class=\"elementor-spacer\">\n\t\t\t<div class=\"elementor-spacer-inner\"><\/div>\n\t\t<\/div>\n\t\t\t\t\t\t<\/div>\n\t\t\t\t<div class=\"elementor-element elementor-element-07a23e9 elementor-grid-tablet-10 elementor-grid-mobile-1 elementor-product-loop-item--align-center elementor-grid-4 elementor-products-grid elementor-wc-products elementor-widget elementor-widget-woocommerce-products\" data-id=\"07a23e9\" data-element_type=\"widget\" data-e-type=\"widget\" data-widget_type=\"woocommerce-products.default\">\n\t\t\t\t<div class=\"elementor-widget-container\">\n\t\t\t\t\t<div class=\"woocommerce columns-4\"><ul class=\"products elementor-grid columns-4\">\n<li class=\"product type-product post-127 status-publish first instock product_cat-funeraille product_cat-arrangement-durne product_cat-arrangement-funeraire has-post-thumbnail taxable shipping-taxable purchasable product-type-simple\" style=\"--span: 1;\">\n\t<a href=\"https:\/\/www.laboutiquefleuriste.com\/en\/boutique\/le-chic-et-elegant\/\" class=\"woocommerce-LoopProduct-link woocommerce-loop-product__link\"><div class=\"woocommerce-image__wrapper\"><a href=\"https:\/\/www.laboutiquefleuriste.com\/en\/boutique\/le-chic-et-elegant\/\" title=\"Le chic et \u00e9l\u00e9gant\" class=\"woocommerce-LoopProduct-link woocommerce-loop-product__link\"><div class=\"shoptimizer-plp-carousel-container\"><div class=\"shoptimizer-plp-image-wrapper\"><img fetchpriority=\"high\" decoding=\"async\" width=\"300\" height=\"300\" src=\"https:\/\/www.laboutiquefleuriste.com\/wp-content\/uploads\/2025\/11\/Captured_ecran_le2025-09-08a11.22.41-300x300.png\" class=\"attachment-woocommerce_thumbnail size-woocommerce_thumbnail\" alt=\"Le chic et \u00e9l\u00e9gant\" srcset=\"https:\/\/www.laboutiquefleuriste.com\/wp-content\/uploads\/2025\/11\/Captured_ecran_le2025-09-08a11.22.41-300x300.png 300w, https:\/\/www.laboutiquefleuriste.com\/wp-content\/uploads\/2025\/11\/Captured_ecran_le2025-09-08a11.22.41-150x150.png 150w, https:\/\/www.laboutiquefleuriste.com\/wp-content\/uploads\/2025\/11\/Captured_ecran_le2025-09-08a11.22.41-100x100.png 100w\" sizes=\"(max-width: 360px) 147px, (max-width: 300px) 100vw, 300px\" \/>\t\t\t\n\t<\/div><\/div><\/a><\/div><div class=\"woocommerce-card__header\">\t\t\t\t\t<p class=\"product__categories\"><a href=\"https:\/\/www.laboutiquefleuriste.com\/en\/product-category\/funeraille\/\" rel=\"tag\">Fun\u00e9raille<\/a>, <a href=\"https:\/\/www.laboutiquefleuriste.com\/en\/product-category\/funeraille\/arrangement-durne\/\" rel=\"tag\">Arrangement d'urne<\/a>, <a href=\"https:\/\/www.laboutiquefleuriste.com\/en\/product-category\/funeraille\/arrangement-funeraire\/\" rel=\"tag\">Arrangement fun\u00e9raire<\/a><\/p>\t\t\t\t<div class=\"woocommerce-loop-product__title\"><a tabindex=\"0\" href=\"https:\/\/www.laboutiquefleuriste.com\/en\/boutique\/le-chic-et-elegant\/\" aria-label=\"Le chic et \u00e9l\u00e9gant\" class=\"woocommerce-LoopProduct-link woocommerce-loop-product__link\">Le chic et \u00e9l\u00e9gant<\/a><\/div>\n\t<span class=\"price\"><span class=\"woocommerce-Price-amount amount\"><bdi>285.00<span class=\"woocommerce-Price-currencySymbol\">&#36;<\/span><\/bdi><\/span><\/span>\n<\/a><a href=\"\/en\/wp-json\/wp\/v2\/pages\/617?add-to-cart=127\" aria-describedby=\"woocommerce_loop_add_to_cart_link_describedby_127\" data-quantity=\"1\" class=\"button product_type_simple add_to_cart_button ajax_add_to_cart\" data-product_id=\"127\" data-product_sku=\"\" aria-label=\"Add to cart: \u201cLe chic et \u00e9l\u00e9gant\u201d\" rel=\"nofollow\" data-success_message=\"\u201cLe chic et \u00e9l\u00e9gant\u201d has been added to your cart\" role=\"button\" data-no-translation=\"\" data-trp-gettext=\"\" data-no-translation-aria-label=\"\" data-no-translation-data-success_message=\"\">Add to cart<\/a>\t<span id=\"woocommerce_loop_add_to_cart_link_describedby_127\" class=\"screen-reader-text\">\n\t\t\t<\/span>\n<\/div><\/li>\n<li class=\"product type-product post-124 status-publish instock product_cat-funeraille product_cat-arrangement-durne has-post-thumbnail taxable shipping-taxable purchasable product-type-simple\" style=\"--span: 1;\">\n\t<a href=\"https:\/\/www.laboutiquefleuriste.com\/en\/boutique\/le-tendre-amour\/\" class=\"woocommerce-LoopProduct-link woocommerce-loop-product__link\"><div class=\"woocommerce-image__wrapper\"><a href=\"https:\/\/www.laboutiquefleuriste.com\/en\/boutique\/le-tendre-amour\/\" title=\"Le tendre amour\" class=\"woocommerce-LoopProduct-link woocommerce-loop-product__link\"><div class=\"shoptimizer-plp-carousel-container\"><div class=\"shoptimizer-plp-image-wrapper\"><img decoding=\"async\" width=\"300\" height=\"300\" src=\"https:\/\/www.laboutiquefleuriste.com\/wp-content\/uploads\/2025\/11\/letendreamour-300x300.png\" class=\"attachment-woocommerce_thumbnail size-woocommerce_thumbnail\" alt=\"Le tendre amour\" srcset=\"https:\/\/www.laboutiquefleuriste.com\/wp-content\/uploads\/2025\/11\/letendreamour-300x300.png 300w, https:\/\/www.laboutiquefleuriste.com\/wp-content\/uploads\/2025\/11\/letendreamour-150x150.png 150w, https:\/\/www.laboutiquefleuriste.com\/wp-content\/uploads\/2025\/11\/letendreamour-100x100.png 100w\" sizes=\"(max-width: 360px) 147px, (max-width: 300px) 100vw, 300px\" \/>\t\t\t\n\t<\/div><\/div><\/a><\/div><div class=\"woocommerce-card__header\">\t\t\t\t\t<p class=\"product__categories\"><a href=\"https:\/\/www.laboutiquefleuriste.com\/en\/product-category\/funeraille\/\" rel=\"tag\">Fun\u00e9raille<\/a>, <a href=\"https:\/\/www.laboutiquefleuriste.com\/en\/product-category\/funeraille\/arrangement-durne\/\" rel=\"tag\">Arrangement d'urne<\/a><\/p>\t\t\t\t<div class=\"woocommerce-loop-product__title\"><a tabindex=\"0\" href=\"https:\/\/www.laboutiquefleuriste.com\/en\/boutique\/le-tendre-amour\/\" aria-label=\"Le tendre amour\" class=\"woocommerce-LoopProduct-link woocommerce-loop-product__link\">Le tendre amour<\/a><\/div>\n\t<span class=\"price\"><span class=\"woocommerce-Price-amount amount\"><bdi>375.00<span class=\"woocommerce-Price-currencySymbol\">&#36;<\/span><\/bdi><\/span><\/span>\n<\/a><a href=\"\/en\/wp-json\/wp\/v2\/pages\/617?add-to-cart=124\" aria-describedby=\"woocommerce_loop_add_to_cart_link_describedby_124\" data-quantity=\"1\" class=\"button product_type_simple add_to_cart_button ajax_add_to_cart\" data-product_id=\"124\" data-product_sku=\"\" aria-label=\"Add to cart: \u201cLe tendre amour\u201d\" rel=\"nofollow\" data-success_message=\"\u201cLe tendre amour\u201d has been added to your cart\" role=\"button\" data-no-translation=\"\" data-trp-gettext=\"\" data-no-translation-aria-label=\"\" data-no-translation-data-success_message=\"\">Add to cart<\/a>\t<span id=\"woocommerce_loop_add_to_cart_link_describedby_124\" class=\"screen-reader-text\">\n\t\t\t<\/span>\n<\/div><\/li>\n<li class=\"product type-product post-121 status-publish instock product_cat-funeraille product_cat-arrangement-durne has-post-thumbnail taxable shipping-taxable purchasable product-type-simple\" style=\"--span: 1;\">\n\t<a href=\"https:\/\/www.laboutiquefleuriste.com\/en\/boutique\/douceurs-dautrefois\/\" class=\"woocommerce-LoopProduct-link woocommerce-loop-product__link\"><div class=\"woocommerce-image__wrapper\"><a href=\"https:\/\/www.laboutiquefleuriste.com\/en\/boutique\/douceurs-dautrefois\/\" title=\"Douceurs d&rsquo;autrefois\" class=\"woocommerce-LoopProduct-link woocommerce-loop-product__link\"><div class=\"shoptimizer-plp-carousel-container\"><div class=\"shoptimizer-plp-image-wrapper\"><img decoding=\"async\" width=\"300\" height=\"300\" src=\"https:\/\/www.laboutiquefleuriste.com\/wp-content\/uploads\/2025\/11\/douceurs_autrefois-300x300.png\" class=\"attachment-woocommerce_thumbnail size-woocommerce_thumbnail\" alt=\"Douceurs d&#039;autrefois\" srcset=\"https:\/\/www.laboutiquefleuriste.com\/wp-content\/uploads\/2025\/11\/douceurs_autrefois-300x300.png 300w, https:\/\/www.laboutiquefleuriste.com\/wp-content\/uploads\/2025\/11\/douceurs_autrefois-150x150.png 150w, https:\/\/www.laboutiquefleuriste.com\/wp-content\/uploads\/2025\/11\/douceurs_autrefois-100x100.png 100w\" sizes=\"(max-width: 360px) 147px, (max-width: 300px) 100vw, 300px\" \/>\t\t\t\n\t<\/div><\/div><\/a><\/div><div class=\"woocommerce-card__header\">\t\t\t\t\t<p class=\"product__categories\"><a href=\"https:\/\/www.laboutiquefleuriste.com\/en\/product-category\/funeraille\/\" rel=\"tag\">Fun\u00e9raille<\/a>, <a href=\"https:\/\/www.laboutiquefleuriste.com\/en\/product-category\/funeraille\/arrangement-durne\/\" rel=\"tag\">Arrangement d'urne<\/a><\/p>\t\t\t\t<div class=\"woocommerce-loop-product__title\"><a tabindex=\"0\" href=\"https:\/\/www.laboutiquefleuriste.com\/en\/boutique\/douceurs-dautrefois\/\" aria-label=\"Douceurs d&rsquo;autrefois\" class=\"woocommerce-LoopProduct-link woocommerce-loop-product__link\">Douceurs d&rsquo;autrefois<\/a><\/div>\n\t<span class=\"price\"><span class=\"woocommerce-Price-amount amount\"><bdi>350.00<span class=\"woocommerce-Price-currencySymbol\">&#36;<\/span><\/bdi><\/span><\/span>\n<\/a><a href=\"\/en\/wp-json\/wp\/v2\/pages\/617?add-to-cart=121\" aria-describedby=\"woocommerce_loop_add_to_cart_link_describedby_121\" data-quantity=\"1\" class=\"button product_type_simple add_to_cart_button ajax_add_to_cart\" data-product_id=\"121\" data-product_sku=\"\" aria-label=\"Add to cart: \u201cDouceurs d&#039;autrefois\u201d\" rel=\"nofollow\" data-success_message=\"\u201cDouceurs d&#039;autrefois\u201d has been added to your cart\" role=\"button\" data-no-translation=\"\" data-trp-gettext=\"\" data-no-translation-aria-label=\"\" data-no-translation-data-success_message=\"\">Add to cart<\/a>\t<span id=\"woocommerce_loop_add_to_cart_link_describedby_121\" class=\"screen-reader-text\">\n\t\t\t<\/span>\n<\/div><\/li>\n<li class=\"product type-product post-118 status-publish last instock product_cat-funeraille product_cat-arrangement-durne has-post-thumbnail taxable shipping-taxable purchasable product-type-simple\" style=\"--span: 1;\">\n\t<a href=\"https:\/\/www.laboutiquefleuriste.com\/en\/boutique\/la-simplicite\/\" class=\"woocommerce-LoopProduct-link woocommerce-loop-product__link\"><div class=\"woocommerce-image__wrapper\"><a href=\"https:\/\/www.laboutiquefleuriste.com\/en\/boutique\/la-simplicite\/\" title=\"La simplicit\u00e9\" class=\"woocommerce-LoopProduct-link woocommerce-loop-product__link\"><div class=\"shoptimizer-plp-carousel-container\"><div class=\"shoptimizer-plp-image-wrapper\"><img loading=\"lazy\" decoding=\"async\" width=\"300\" height=\"300\" src=\"https:\/\/www.laboutiquefleuriste.com\/wp-content\/uploads\/2025\/11\/la_simplicite-300x300.png\" class=\"attachment-woocommerce_thumbnail size-woocommerce_thumbnail\" alt=\"La simplicit\u00e9\" srcset=\"https:\/\/www.laboutiquefleuriste.com\/wp-content\/uploads\/2025\/11\/la_simplicite-300x300.png 300w, https:\/\/www.laboutiquefleuriste.com\/wp-content\/uploads\/2025\/11\/la_simplicite-150x150.png 150w, https:\/\/www.laboutiquefleuriste.com\/wp-content\/uploads\/2025\/11\/la_simplicite-100x100.png 100w\" sizes=\"(max-width: 360px) 147px, (max-width: 300px) 100vw, 300px\" \/>\t\t\t\n\t<\/div><\/div><\/a><\/div><div class=\"woocommerce-card__header\">\t\t\t\t\t<p class=\"product__categories\"><a href=\"https:\/\/www.laboutiquefleuriste.com\/en\/product-category\/funeraille\/\" rel=\"tag\">Fun\u00e9raille<\/a>, <a href=\"https:\/\/www.laboutiquefleuriste.com\/en\/product-category\/funeraille\/arrangement-durne\/\" rel=\"tag\">Arrangement d'urne<\/a><\/p>\t\t\t\t<div class=\"woocommerce-loop-product__title\"><a tabindex=\"0\" href=\"https:\/\/www.laboutiquefleuriste.com\/en\/boutique\/la-simplicite\/\" aria-label=\"La simplicit\u00e9\" class=\"woocommerce-LoopProduct-link woocommerce-loop-product__link\">La simplicit\u00e9<\/a><\/div>\n\t<span class=\"price\"><span class=\"woocommerce-Price-amount amount\"><bdi>280.00<span class=\"woocommerce-Price-currencySymbol\">&#36;<\/span><\/bdi><\/span><\/span>\n<\/a><a href=\"\/en\/wp-json\/wp\/v2\/pages\/617?add-to-cart=118\" aria-describedby=\"woocommerce_loop_add_to_cart_link_describedby_118\" data-quantity=\"1\" class=\"button product_type_simple add_to_cart_button ajax_add_to_cart\" data-product_id=\"118\" data-product_sku=\"\" aria-label=\"Add to cart: \u201cLa simplicit\u00e9\u201d\" rel=\"nofollow\" data-success_message=\"\u201cLa simplicit\u00e9\u201d has been added to your cart\" role=\"button\" data-no-translation=\"\" data-trp-gettext=\"\" data-no-translation-aria-label=\"\" data-no-translation-data-success_message=\"\">Add to cart<\/a>\t<span id=\"woocommerce_loop_add_to_cart_link_describedby_118\" class=\"screen-reader-text\">\n\t\t\t<\/span>\n<\/div><\/li>\n<li class=\"product type-product post-115 status-publish first instock product_cat-funeraille product_cat-arrangement-durne has-post-thumbnail taxable shipping-taxable purchasable product-type-simple\" style=\"--span: 1;\">\n\t<a href=\"https:\/\/www.laboutiquefleuriste.com\/en\/boutique\/lelegant\/\" class=\"woocommerce-LoopProduct-link woocommerce-loop-product__link\"><div class=\"woocommerce-image__wrapper\"><a href=\"https:\/\/www.laboutiquefleuriste.com\/en\/boutique\/lelegant\/\" title=\"L&rsquo;\u00e9l\u00e9gant\" class=\"woocommerce-LoopProduct-link woocommerce-loop-product__link\"><div class=\"shoptimizer-plp-carousel-container\"><div class=\"shoptimizer-plp-image-wrapper\"><img loading=\"lazy\" decoding=\"async\" width=\"300\" height=\"300\" src=\"https:\/\/www.laboutiquefleuriste.com\/wp-content\/uploads\/2025\/11\/l_elegant-300x300.png\" class=\"attachment-woocommerce_thumbnail size-woocommerce_thumbnail\" alt=\"L&#039;\u00e9l\u00e9gant\" srcset=\"https:\/\/www.laboutiquefleuriste.com\/wp-content\/uploads\/2025\/11\/l_elegant-300x300.png 300w, https:\/\/www.laboutiquefleuriste.com\/wp-content\/uploads\/2025\/11\/l_elegant-150x150.png 150w, https:\/\/www.laboutiquefleuriste.com\/wp-content\/uploads\/2025\/11\/l_elegant-100x100.png 100w\" sizes=\"(max-width: 360px) 147px, (max-width: 300px) 100vw, 300px\" \/>\t\t\t\n\t<\/div><\/div><\/a><\/div><div class=\"woocommerce-card__header\">\t\t\t\t\t<p class=\"product__categories\"><a href=\"https:\/\/www.laboutiquefleuriste.com\/en\/product-category\/funeraille\/\" rel=\"tag\">Fun\u00e9raille<\/a>, <a href=\"https:\/\/www.laboutiquefleuriste.com\/en\/product-category\/funeraille\/arrangement-durne\/\" rel=\"tag\">Arrangement d'urne<\/a><\/p>\t\t\t\t<div class=\"woocommerce-loop-product__title\"><a tabindex=\"0\" href=\"https:\/\/www.laboutiquefleuriste.com\/en\/boutique\/lelegant\/\" aria-label=\"L&rsquo;\u00e9l\u00e9gant\" class=\"woocommerce-LoopProduct-link woocommerce-loop-product__link\">L&rsquo;\u00e9l\u00e9gant<\/a><\/div>\n\t<span class=\"price\"><span class=\"woocommerce-Price-amount amount\"><bdi>280.00<span class=\"woocommerce-Price-currencySymbol\">&#36;<\/span><\/bdi><\/span><\/span>\n<\/a><a href=\"\/en\/wp-json\/wp\/v2\/pages\/617?add-to-cart=115\" aria-describedby=\"woocommerce_loop_add_to_cart_link_describedby_115\" data-quantity=\"1\" class=\"button product_type_simple add_to_cart_button ajax_add_to_cart\" data-product_id=\"115\" data-product_sku=\"\" aria-label=\"Add to cart: \u201cL&#039;\u00e9l\u00e9gant\u201d\" rel=\"nofollow\" data-success_message=\"\u201cL&#039;\u00e9l\u00e9gant\u201d has been added to your cart\" role=\"button\" data-no-translation=\"\" data-trp-gettext=\"\" data-no-translation-aria-label=\"\" data-no-translation-data-success_message=\"\">Add to cart<\/a>\t<span id=\"woocommerce_loop_add_to_cart_link_describedby_115\" class=\"screen-reader-text\">\n\t\t\t<\/span>\n<\/div><\/li>\n<\/ul>\n<\/div>\t\t\t\t<\/div>\n\t\t\t\t<\/div>\n\t\t\t\t\t<\/div>\n\t\t\t\t<\/div>\n\t\t\t\t<\/div>","protected":false},"excerpt":{"rendered":"<p>Arrangement d&rsquo;urne Rendre hommage avec d\u00e9licatesse\u2026 Les arrangements d\u2019urne sont con\u00e7us pour entourer la m\u00e9moire d\u2019un \u00eatre cher avec douceur et respect. Nos designers floraux cr\u00e9ent des compositions fines, harmonieuses et adapt\u00e9es au style de la c\u00e9r\u00e9monie, qu\u2019elle soit intime ou plus solennelle. Dites-nous o\u00f9 aura lieu l\u2019hommage : nous pouvons livrer directement au salon [&hellip;]<\/p>\n","protected":false},"author":1,"featured_media":126,"parent":0,"menu_order":0,"comment_status":"closed","ping_status":"closed","template":"","meta":{"_angie_page":false,"footnotes":""},"class_list":["post-617","page","type-page","status-publish","has-post-thumbnail","hentry"],"jetpack_sharing_enabled":true,"_links":{"self":[{"href":"https:\/\/www.laboutiquefleuriste.com\/en\/wp-json\/wp\/v2\/pages\/617","targetHints":{"allow":["GET"]}}],"collection":[{"href":"https:\/\/www.laboutiquefleuriste.com\/en\/wp-json\/wp\/v2\/pages"}],"about":[{"href":"https:\/\/www.laboutiquefleuriste.com\/en\/wp-json\/wp\/v2\/types\/page"}],"author":[{"embeddable":true,"href":"https:\/\/www.laboutiquefleuriste.com\/en\/wp-json\/wp\/v2\/users\/1"}],"replies":[{"embeddable":true,"href":"https:\/\/www.laboutiquefleuriste.com\/en\/wp-json\/wp\/v2\/comments?post=617"}],"version-history":[{"count":14,"href":"https:\/\/www.laboutiquefleuriste.com\/en\/wp-json\/wp\/v2\/pages\/617\/revisions"}],"predecessor-version":[{"id":1184,"href":"https:\/\/www.laboutiquefleuriste.com\/en\/wp-json\/wp\/v2\/pages\/617\/revisions\/1184"}],"wp:featuredmedia":[{"embeddable":true,"href":"https:\/\/www.laboutiquefleuriste.com\/en\/wp-json\/wp\/v2\/media\/126"}],"wp:attachment":[{"href":"https:\/\/www.laboutiquefleuriste.com\/en\/wp-json\/wp\/v2\/media?parent=617"}],"curies":[{"name":"wp","href":"https:\/\/api.w.org\/{rel}","templated":true}]}}