{"id":615,"date":"2025-11-18T01:59:23","date_gmt":"2025-11-18T01:59:23","guid":{"rendered":"https:\/\/www.laboutiquefleuriste.com\/?page_id=615"},"modified":"2026-04-05T15:34:49","modified_gmt":"2026-04-05T15:34:49","slug":"coussin-de-cercueil","status":"publish","type":"page","link":"https:\/\/www.laboutiquefleuriste.com\/en\/coussin-de-cercueil\/","title":{"rendered":"Coussin de cercueil &#8211; La Boutique Fleuriste Lorraine"},"content":{"rendered":"<div data-elementor-type=\"wp-page\" data-elementor-id=\"615\" class=\"elementor elementor-615\" data-elementor-post-type=\"page\">\n\t\t\t\t<div class=\"elementor-element elementor-element-ef86571 e-flex e-con-boxed e-con e-parent\" data-id=\"ef86571\" data-element_type=\"container\" data-e-type=\"container\">\n\t\t\t\t\t<div class=\"e-con-inner\">\n\t\t\t\t<div class=\"elementor-element elementor-element-aee36e1 elementor-widget elementor-widget-heading\" data-id=\"aee36e1\" data-element_type=\"widget\" data-e-type=\"widget\" data-widget_type=\"heading.default\">\n\t\t\t\t\t<h2 class=\"elementor-heading-title elementor-size-default\">Coussin de cercueil<\/h2>\t\t\t\t<\/div>\n\t\t\t\t<div class=\"elementor-element elementor-element-55e35eb elementor-widget-divider--view-line elementor-widget elementor-widget-divider\" data-id=\"55e35eb\" data-element_type=\"widget\" data-e-type=\"widget\" data-widget_type=\"divider.default\">\n\t\t\t\t\t\t\t<div class=\"elementor-divider\">\n\t\t\t<span class=\"elementor-divider-separator\">\n\t\t\t\t\t\t<\/span>\n\t\t<\/div>\n\t\t\t\t\t\t<\/div>\n\t\t\t\t\t<\/div>\n\t\t\t\t<\/div>\n\t\t<div class=\"elementor-element elementor-element-06ede73 e-flex e-con-boxed e-con e-parent\" data-id=\"06ede73\" data-element_type=\"container\" data-e-type=\"container\">\n\t\t\t\t\t<div class=\"e-con-inner\">\n\t\t\t\t<div class=\"elementor-element elementor-element-b3af1dc elementor-widget elementor-widget-spacer\" data-id=\"b3af1dc\" data-element_type=\"widget\" data-e-type=\"widget\" data-widget_type=\"spacer.default\">\n\t\t\t\t\t\t\t<div class=\"elementor-spacer\">\n\t\t\t<div class=\"elementor-spacer-inner\"><\/div>\n\t\t<\/div>\n\t\t\t\t\t\t<\/div>\n\t\t\t\t<div class=\"elementor-element elementor-element-88837e7 elementor-widget elementor-widget-text-editor\" data-id=\"88837e7\" data-element_type=\"widget\" data-e-type=\"widget\" data-widget_type=\"text-editor.default\">\n\t\t\t\t\t\t\t\t\t<p data-start=\"153\" data-end=\"555\">Un dernier adieu empreint de douceur\u2026 Le coussin de cercueil est une pi\u00e8ce ma\u00eetresse du rituel fun\u00e9raire, symbole d\u2019amour et de respect envers le d\u00e9funt. Nos designers floraux confectionnent des coussins soign\u00e9s, \u00e9quilibr\u00e9s et adapt\u00e9s aux volont\u00e9s de la famille, pour un hommage \u00e0 la fois noble et apaisant.<\/p><p data-start=\"153\" data-end=\"555\">Indiquez-nous le lieu de la c\u00e9r\u00e9monie : nous livrons directement au salon fun\u00e9raire ou \u00e0 l\u2019\u00e9glise, afin que votre dernier geste soit pos\u00e9 avec la plus grande d\u00e9licatesse.<\/p>\t\t\t\t\t\t\t\t<\/div>\n\t\t\t\t<div class=\"elementor-element elementor-element-c001ddf elementor-widget elementor-widget-spacer\" data-id=\"c001ddf\" data-element_type=\"widget\" data-e-type=\"widget\" data-widget_type=\"spacer.default\">\n\t\t\t\t\t\t\t<div class=\"elementor-spacer\">\n\t\t\t<div class=\"elementor-spacer-inner\"><\/div>\n\t\t<\/div>\n\t\t\t\t\t\t<\/div>\n\t\t\t\t<div class=\"elementor-element elementor-element-07a23e9 elementor-grid-tablet-10 elementor-grid-mobile-1 elementor-product-loop-item--align-center elementor-grid-4 elementor-products-grid elementor-wc-products elementor-widget elementor-widget-woocommerce-products\" data-id=\"07a23e9\" data-element_type=\"widget\" data-e-type=\"widget\" data-widget_type=\"woocommerce-products.default\">\n\t\t\t\t<div class=\"elementor-widget-container\">\n\t\t\t\t\t<div class=\"woocommerce columns-4\"><ul class=\"products elementor-grid columns-4\">\n<li class=\"product type-product post-112 status-publish first instock product_cat-funeraille product_cat-coussin-de-cercueil has-post-thumbnail taxable shipping-taxable purchasable product-type-simple\" style=\"--span: 1;\">\n\t<a href=\"https:\/\/www.laboutiquefleuriste.com\/en\/boutique\/le-jardin-chic\/\" class=\"woocommerce-LoopProduct-link woocommerce-loop-product__link\"><div class=\"woocommerce-image__wrapper\"><a href=\"https:\/\/www.laboutiquefleuriste.com\/en\/boutique\/le-jardin-chic\/\" title=\"Le jardin chic\" class=\"woocommerce-LoopProduct-link woocommerce-loop-product__link\"><div class=\"shoptimizer-plp-carousel-container\"><div class=\"shoptimizer-plp-image-wrapper\"><img fetchpriority=\"high\" decoding=\"async\" width=\"300\" height=\"300\" src=\"https:\/\/www.laboutiquefleuriste.com\/wp-content\/uploads\/2025\/11\/lejardinchic-300x300.png\" class=\"attachment-woocommerce_thumbnail size-woocommerce_thumbnail\" alt=\"Le jardin chic\" srcset=\"https:\/\/www.laboutiquefleuriste.com\/wp-content\/uploads\/2025\/11\/lejardinchic-300x300.png 300w, https:\/\/www.laboutiquefleuriste.com\/wp-content\/uploads\/2025\/11\/lejardinchic-150x150.png 150w, https:\/\/www.laboutiquefleuriste.com\/wp-content\/uploads\/2025\/11\/lejardinchic-100x100.png 100w\" sizes=\"(max-width: 360px) 147px, (max-width: 300px) 100vw, 300px\" \/>\t\t\t\n\t<\/div><\/div><\/a><\/div><div class=\"woocommerce-card__header\">\t\t\t\t\t<p class=\"product__categories\"><a href=\"https:\/\/www.laboutiquefleuriste.com\/en\/product-category\/funeraille\/\" rel=\"tag\">Fun\u00e9raille<\/a>, <a href=\"https:\/\/www.laboutiquefleuriste.com\/en\/product-category\/funeraille\/coussin-de-cercueil\/\" rel=\"tag\">Coussin de cercueil<\/a><\/p>\t\t\t\t<div class=\"woocommerce-loop-product__title\"><a tabindex=\"0\" href=\"https:\/\/www.laboutiquefleuriste.com\/en\/boutique\/le-jardin-chic\/\" aria-label=\"Le jardin chic\" class=\"woocommerce-LoopProduct-link woocommerce-loop-product__link\">Le jardin chic<\/a><\/div>\n\t<span class=\"price\"><span class=\"woocommerce-Price-amount amount\"><bdi>650.00<span class=\"woocommerce-Price-currencySymbol\">&#36;<\/span><\/bdi><\/span><\/span>\n<\/a><a href=\"\/en\/wp-json\/wp\/v2\/pages\/615?add-to-cart=112\" aria-describedby=\"woocommerce_loop_add_to_cart_link_describedby_112\" data-quantity=\"1\" class=\"button product_type_simple add_to_cart_button ajax_add_to_cart\" data-product_id=\"112\" data-product_sku=\"\" aria-label=\"Add to cart: \u201cLe jardin chic\u201d\" rel=\"nofollow\" data-success_message=\"\u201cLe jardin chic\u201d has been added to your cart\" role=\"button\" data-no-translation=\"\" data-trp-gettext=\"\" data-no-translation-aria-label=\"\" data-no-translation-data-success_message=\"\">Add to cart<\/a>\t<span id=\"woocommerce_loop_add_to_cart_link_describedby_112\" class=\"screen-reader-text\">\n\t\t\t<\/span>\n<\/div><\/li>\n<li class=\"product type-product post-109 status-publish instock product_cat-funeraille product_cat-coussin-de-cercueil has-post-thumbnail taxable shipping-taxable purchasable product-type-simple\" style=\"--span: 1;\">\n\t<a href=\"https:\/\/www.laboutiquefleuriste.com\/en\/boutique\/tendres-souvenirs\/\" class=\"woocommerce-LoopProduct-link woocommerce-loop-product__link\"><div class=\"woocommerce-image__wrapper\"><a href=\"https:\/\/www.laboutiquefleuriste.com\/en\/boutique\/tendres-souvenirs\/\" title=\"Tendres souvenirs\" class=\"woocommerce-LoopProduct-link woocommerce-loop-product__link\"><div class=\"shoptimizer-plp-carousel-container\"><div class=\"shoptimizer-plp-image-wrapper\"><img decoding=\"async\" width=\"300\" height=\"300\" src=\"https:\/\/www.laboutiquefleuriste.com\/wp-content\/uploads\/2025\/11\/tendre_souvenirs-300x300.png\" class=\"attachment-woocommerce_thumbnail size-woocommerce_thumbnail\" alt=\"Tendres souvenirs\" srcset=\"https:\/\/www.laboutiquefleuriste.com\/wp-content\/uploads\/2025\/11\/tendre_souvenirs-300x300.png 300w, https:\/\/www.laboutiquefleuriste.com\/wp-content\/uploads\/2025\/11\/tendre_souvenirs-150x150.png 150w, https:\/\/www.laboutiquefleuriste.com\/wp-content\/uploads\/2025\/11\/tendre_souvenirs-100x100.png 100w\" sizes=\"(max-width: 360px) 147px, (max-width: 300px) 100vw, 300px\" \/>\t\t\t\n\t<\/div><\/div><\/a><\/div><div class=\"woocommerce-card__header\">\t\t\t\t\t<p class=\"product__categories\"><a href=\"https:\/\/www.laboutiquefleuriste.com\/en\/product-category\/funeraille\/\" rel=\"tag\">Fun\u00e9raille<\/a>, <a href=\"https:\/\/www.laboutiquefleuriste.com\/en\/product-category\/funeraille\/coussin-de-cercueil\/\" rel=\"tag\">Coussin de cercueil<\/a><\/p>\t\t\t\t<div class=\"woocommerce-loop-product__title\"><a tabindex=\"0\" href=\"https:\/\/www.laboutiquefleuriste.com\/en\/boutique\/tendres-souvenirs\/\" aria-label=\"Tendres souvenirs\" class=\"woocommerce-LoopProduct-link woocommerce-loop-product__link\">Tendres souvenirs<\/a><\/div>\n\t<span class=\"price\"><span class=\"woocommerce-Price-amount amount\"><bdi>605.00<span class=\"woocommerce-Price-currencySymbol\">&#36;<\/span><\/bdi><\/span><\/span>\n<\/a><a href=\"\/en\/wp-json\/wp\/v2\/pages\/615?add-to-cart=109\" aria-describedby=\"woocommerce_loop_add_to_cart_link_describedby_109\" data-quantity=\"1\" class=\"button product_type_simple add_to_cart_button ajax_add_to_cart\" data-product_id=\"109\" data-product_sku=\"\" aria-label=\"Add to cart: \u201cTendres souvenirs\u201d\" rel=\"nofollow\" data-success_message=\"\u201cTendres souvenirs\u201d has been added to your cart\" role=\"button\" data-no-translation=\"\" data-trp-gettext=\"\" data-no-translation-aria-label=\"\" data-no-translation-data-success_message=\"\">Add to cart<\/a>\t<span id=\"woocommerce_loop_add_to_cart_link_describedby_109\" class=\"screen-reader-text\">\n\t\t\t<\/span>\n<\/div><\/li>\n<li class=\"product type-product post-106 status-publish instock product_cat-funeraille product_cat-coussin-de-cercueil has-post-thumbnail taxable shipping-taxable purchasable product-type-simple\" style=\"--span: 1;\">\n\t<a href=\"https:\/\/www.laboutiquefleuriste.com\/en\/boutique\/le-delicat\/\" class=\"woocommerce-LoopProduct-link woocommerce-loop-product__link\"><div class=\"woocommerce-image__wrapper\"><a href=\"https:\/\/www.laboutiquefleuriste.com\/en\/boutique\/le-delicat\/\" title=\"Le d\u00e9licat\" class=\"woocommerce-LoopProduct-link woocommerce-loop-product__link\"><div class=\"shoptimizer-plp-carousel-container\"><div class=\"shoptimizer-plp-image-wrapper\"><img decoding=\"async\" width=\"300\" height=\"300\" src=\"https:\/\/www.laboutiquefleuriste.com\/wp-content\/uploads\/2025\/11\/le_delicat_493df56a-0b2a-4c06-9009-dc6a7dc37b16-300x300.png\" class=\"attachment-woocommerce_thumbnail size-woocommerce_thumbnail\" alt=\"Le d\u00e9licat\" srcset=\"https:\/\/www.laboutiquefleuriste.com\/wp-content\/uploads\/2025\/11\/le_delicat_493df56a-0b2a-4c06-9009-dc6a7dc37b16-300x300.png 300w, https:\/\/www.laboutiquefleuriste.com\/wp-content\/uploads\/2025\/11\/le_delicat_493df56a-0b2a-4c06-9009-dc6a7dc37b16-150x150.png 150w, https:\/\/www.laboutiquefleuriste.com\/wp-content\/uploads\/2025\/11\/le_delicat_493df56a-0b2a-4c06-9009-dc6a7dc37b16-100x100.png 100w\" sizes=\"(max-width: 360px) 147px, (max-width: 300px) 100vw, 300px\" \/>\t\t\t\n\t<\/div><\/div><\/a><\/div><div class=\"woocommerce-card__header\">\t\t\t\t\t<p class=\"product__categories\"><a href=\"https:\/\/www.laboutiquefleuriste.com\/en\/product-category\/funeraille\/\" rel=\"tag\">Fun\u00e9raille<\/a>, <a href=\"https:\/\/www.laboutiquefleuriste.com\/en\/product-category\/funeraille\/coussin-de-cercueil\/\" rel=\"tag\">Coussin de cercueil<\/a><\/p>\t\t\t\t<div class=\"woocommerce-loop-product__title\"><a tabindex=\"0\" href=\"https:\/\/www.laboutiquefleuriste.com\/en\/boutique\/le-delicat\/\" aria-label=\"Le d\u00e9licat\" class=\"woocommerce-LoopProduct-link woocommerce-loop-product__link\">Le d\u00e9licat<\/a><\/div>\n\t<span class=\"price\"><span class=\"woocommerce-Price-amount amount\"><bdi>450.00<span class=\"woocommerce-Price-currencySymbol\">&#36;<\/span><\/bdi><\/span><\/span>\n<\/a><a href=\"\/en\/wp-json\/wp\/v2\/pages\/615?add-to-cart=106\" aria-describedby=\"woocommerce_loop_add_to_cart_link_describedby_106\" data-quantity=\"1\" class=\"button product_type_simple add_to_cart_button ajax_add_to_cart\" data-product_id=\"106\" data-product_sku=\"\" aria-label=\"Add to cart: \u201cLe d\u00e9licat\u201d\" rel=\"nofollow\" data-success_message=\"\u201cLe d\u00e9licat\u201d has been added to your cart\" role=\"button\" data-no-translation=\"\" data-trp-gettext=\"\" data-no-translation-aria-label=\"\" data-no-translation-data-success_message=\"\">Add to cart<\/a>\t<span id=\"woocommerce_loop_add_to_cart_link_describedby_106\" class=\"screen-reader-text\">\n\t\t\t<\/span>\n<\/div><\/li>\n<li class=\"product type-product post-103 status-publish last instock product_cat-funeraille product_cat-coussin-de-cercueil has-post-thumbnail taxable shipping-taxable purchasable product-type-simple\" style=\"--span: 1;\">\n\t<a href=\"https:\/\/www.laboutiquefleuriste.com\/en\/boutique\/les-beaux-jours\/\" class=\"woocommerce-LoopProduct-link woocommerce-loop-product__link\"><div class=\"woocommerce-image__wrapper\"><a href=\"https:\/\/www.laboutiquefleuriste.com\/en\/boutique\/les-beaux-jours\/\" title=\"Les beaux jours\" class=\"woocommerce-LoopProduct-link woocommerce-loop-product__link\"><div class=\"shoptimizer-plp-carousel-container\"><div class=\"shoptimizer-plp-image-wrapper\"><img loading=\"lazy\" decoding=\"async\" width=\"300\" height=\"300\" src=\"https:\/\/www.laboutiquefleuriste.com\/wp-content\/uploads\/2025\/11\/Lesbeauxjours-300x300.png\" class=\"attachment-woocommerce_thumbnail size-woocommerce_thumbnail\" alt=\"Les beaux jours\" srcset=\"https:\/\/www.laboutiquefleuriste.com\/wp-content\/uploads\/2025\/11\/Lesbeauxjours-300x300.png 300w, https:\/\/www.laboutiquefleuriste.com\/wp-content\/uploads\/2025\/11\/Lesbeauxjours-150x150.png 150w, https:\/\/www.laboutiquefleuriste.com\/wp-content\/uploads\/2025\/11\/Lesbeauxjours-100x100.png 100w\" sizes=\"(max-width: 360px) 147px, (max-width: 300px) 100vw, 300px\" \/>\t\t\t\n\t<\/div><\/div><\/a><\/div><div class=\"woocommerce-card__header\">\t\t\t\t\t<p class=\"product__categories\"><a href=\"https:\/\/www.laboutiquefleuriste.com\/en\/product-category\/funeraille\/\" rel=\"tag\">Fun\u00e9raille<\/a>, <a href=\"https:\/\/www.laboutiquefleuriste.com\/en\/product-category\/funeraille\/coussin-de-cercueil\/\" rel=\"tag\">Coussin de cercueil<\/a><\/p>\t\t\t\t<div class=\"woocommerce-loop-product__title\"><a tabindex=\"0\" href=\"https:\/\/www.laboutiquefleuriste.com\/en\/boutique\/les-beaux-jours\/\" aria-label=\"Les beaux jours\" class=\"woocommerce-LoopProduct-link woocommerce-loop-product__link\">Les beaux jours<\/a><\/div>\n\t<span class=\"price\"><span class=\"woocommerce-Price-amount amount\"><bdi>475.00<span class=\"woocommerce-Price-currencySymbol\">&#36;<\/span><\/bdi><\/span><\/span>\n<\/a><a href=\"\/en\/wp-json\/wp\/v2\/pages\/615?add-to-cart=103\" aria-describedby=\"woocommerce_loop_add_to_cart_link_describedby_103\" data-quantity=\"1\" class=\"button product_type_simple add_to_cart_button ajax_add_to_cart\" data-product_id=\"103\" data-product_sku=\"\" aria-label=\"Add to cart: \u201cLes beaux jours\u201d\" rel=\"nofollow\" data-success_message=\"\u201cLes beaux jours\u201d has been added to your cart\" role=\"button\" data-no-translation=\"\" data-trp-gettext=\"\" data-no-translation-aria-label=\"\" data-no-translation-data-success_message=\"\">Add to cart<\/a>\t<span id=\"woocommerce_loop_add_to_cart_link_describedby_103\" class=\"screen-reader-text\">\n\t\t\t<\/span>\n<\/div><\/li>\n<li class=\"product type-product post-100 status-publish first instock product_cat-funeraille product_cat-coussin-de-cercueil has-post-thumbnail taxable shipping-taxable purchasable product-type-simple\" style=\"--span: 1;\">\n\t<a href=\"https:\/\/www.laboutiquefleuriste.com\/en\/boutique\/doucechaleur\/\" class=\"woocommerce-LoopProduct-link woocommerce-loop-product__link\"><div class=\"woocommerce-image__wrapper\"><a href=\"https:\/\/www.laboutiquefleuriste.com\/en\/boutique\/doucechaleur\/\" title=\"Douce chaleur\" class=\"woocommerce-LoopProduct-link woocommerce-loop-product__link\"><div class=\"shoptimizer-plp-carousel-container\"><div class=\"shoptimizer-plp-image-wrapper\"><img loading=\"lazy\" decoding=\"async\" width=\"300\" height=\"300\" src=\"https:\/\/www.laboutiquefleuriste.com\/wp-content\/uploads\/2025\/11\/l_exotique-300x300.png\" class=\"attachment-woocommerce_thumbnail size-woocommerce_thumbnail\" alt=\"Douce chaleur\" srcset=\"https:\/\/www.laboutiquefleuriste.com\/wp-content\/uploads\/2025\/11\/l_exotique-300x300.png 300w, https:\/\/www.laboutiquefleuriste.com\/wp-content\/uploads\/2025\/11\/l_exotique-150x150.png 150w, https:\/\/www.laboutiquefleuriste.com\/wp-content\/uploads\/2025\/11\/l_exotique-100x100.png 100w\" sizes=\"(max-width: 360px) 147px, (max-width: 300px) 100vw, 300px\" \/>\t\t\t\n\t<\/div><\/div><\/a><\/div><div class=\"woocommerce-card__header\">\t\t\t\t\t<p class=\"product__categories\"><a href=\"https:\/\/www.laboutiquefleuriste.com\/en\/product-category\/funeraille\/\" rel=\"tag\">Fun\u00e9raille<\/a>, <a href=\"https:\/\/www.laboutiquefleuriste.com\/en\/product-category\/funeraille\/coussin-de-cercueil\/\" rel=\"tag\">Coussin de cercueil<\/a><\/p>\t\t\t\t<div class=\"woocommerce-loop-product__title\"><a tabindex=\"0\" href=\"https:\/\/www.laboutiquefleuriste.com\/en\/boutique\/doucechaleur\/\" aria-label=\"Douce chaleur\" class=\"woocommerce-LoopProduct-link woocommerce-loop-product__link\">Douce chaleur<\/a><\/div>\n\t<span class=\"price\"><span class=\"woocommerce-Price-amount amount\"><bdi>450.00<span class=\"woocommerce-Price-currencySymbol\">&#36;<\/span><\/bdi><\/span><\/span>\n<\/a><a href=\"\/en\/wp-json\/wp\/v2\/pages\/615?add-to-cart=100\" aria-describedby=\"woocommerce_loop_add_to_cart_link_describedby_100\" data-quantity=\"1\" class=\"button product_type_simple add_to_cart_button ajax_add_to_cart\" data-product_id=\"100\" data-product_sku=\"\" aria-label=\"Add to cart: \u201cDouce chaleur\u201d\" rel=\"nofollow\" data-success_message=\"\u201cDouce chaleur\u201d has been added to your cart\" role=\"button\" data-no-translation=\"\" data-trp-gettext=\"\" data-no-translation-aria-label=\"\" data-no-translation-data-success_message=\"\">Add to cart<\/a>\t<span id=\"woocommerce_loop_add_to_cart_link_describedby_100\" class=\"screen-reader-text\">\n\t\t\t<\/span>\n<\/div><\/li>\n<li class=\"product type-product post-97 status-publish instock product_cat-funeraille product_cat-coussin-de-cercueil has-post-thumbnail taxable shipping-taxable purchasable product-type-simple\" style=\"--span: 1;\">\n\t<a href=\"https:\/\/www.laboutiquefleuriste.com\/en\/boutique\/le-classique\/\" class=\"woocommerce-LoopProduct-link woocommerce-loop-product__link\"><div class=\"woocommerce-image__wrapper\"><a href=\"https:\/\/www.laboutiquefleuriste.com\/en\/boutique\/le-classique\/\" title=\"Le classique\" class=\"woocommerce-LoopProduct-link woocommerce-loop-product__link\"><div class=\"shoptimizer-plp-carousel-container\"><div class=\"shoptimizer-plp-image-wrapper\"><img loading=\"lazy\" decoding=\"async\" width=\"300\" height=\"300\" src=\"https:\/\/www.laboutiquefleuriste.com\/wp-content\/uploads\/2025\/11\/le_classique-300x300.png\" class=\"attachment-woocommerce_thumbnail size-woocommerce_thumbnail\" alt=\"Le classique\" srcset=\"https:\/\/www.laboutiquefleuriste.com\/wp-content\/uploads\/2025\/11\/le_classique-300x300.png 300w, https:\/\/www.laboutiquefleuriste.com\/wp-content\/uploads\/2025\/11\/le_classique-150x150.png 150w, https:\/\/www.laboutiquefleuriste.com\/wp-content\/uploads\/2025\/11\/le_classique-100x100.png 100w\" sizes=\"(max-width: 360px) 147px, (max-width: 300px) 100vw, 300px\" \/>\t\t\t\n\t<\/div><\/div><\/a><\/div><div class=\"woocommerce-card__header\">\t\t\t\t\t<p class=\"product__categories\"><a href=\"https:\/\/www.laboutiquefleuriste.com\/en\/product-category\/funeraille\/\" rel=\"tag\">Fun\u00e9raille<\/a>, <a href=\"https:\/\/www.laboutiquefleuriste.com\/en\/product-category\/funeraille\/coussin-de-cercueil\/\" rel=\"tag\">Coussin de cercueil<\/a><\/p>\t\t\t\t<div class=\"woocommerce-loop-product__title\"><a tabindex=\"0\" href=\"https:\/\/www.laboutiquefleuriste.com\/en\/boutique\/le-classique\/\" aria-label=\"Le classique\" class=\"woocommerce-LoopProduct-link woocommerce-loop-product__link\">Le classique<\/a><\/div>\n\t<span class=\"price\"><span class=\"woocommerce-Price-amount amount\"><bdi>450.00<span class=\"woocommerce-Price-currencySymbol\">&#36;<\/span><\/bdi><\/span><\/span>\n<\/a><a href=\"\/en\/wp-json\/wp\/v2\/pages\/615?add-to-cart=97\" aria-describedby=\"woocommerce_loop_add_to_cart_link_describedby_97\" data-quantity=\"1\" class=\"button product_type_simple add_to_cart_button ajax_add_to_cart\" data-product_id=\"97\" data-product_sku=\"\" aria-label=\"Add to cart: \u201cLe classique\u201d\" rel=\"nofollow\" data-success_message=\"\u201cLe classique\u201d has been added to your cart\" role=\"button\" data-no-translation=\"\" data-trp-gettext=\"\" data-no-translation-aria-label=\"\" data-no-translation-data-success_message=\"\">Add to cart<\/a>\t<span id=\"woocommerce_loop_add_to_cart_link_describedby_97\" class=\"screen-reader-text\">\n\t\t\t<\/span>\n<\/div><\/li>\n<li class=\"product type-product post-94 status-publish instock product_cat-funeraille product_cat-coussin-de-cercueil has-post-thumbnail taxable shipping-taxable purchasable product-type-simple\" style=\"--span: 1;\">\n\t<a href=\"https:\/\/www.laboutiquefleuriste.com\/en\/boutique\/le-doux-repos\/\" class=\"woocommerce-LoopProduct-link woocommerce-loop-product__link\"><div class=\"woocommerce-image__wrapper\"><a href=\"https:\/\/www.laboutiquefleuriste.com\/en\/boutique\/le-doux-repos\/\" title=\"Le doux repos\" class=\"woocommerce-LoopProduct-link woocommerce-loop-product__link\"><div class=\"shoptimizer-plp-carousel-container\"><div class=\"shoptimizer-plp-image-wrapper\"><img loading=\"lazy\" decoding=\"async\" width=\"300\" height=\"300\" src=\"https:\/\/www.laboutiquefleuriste.com\/wp-content\/uploads\/2025\/11\/doux_repos-300x300.png\" class=\"attachment-woocommerce_thumbnail size-woocommerce_thumbnail\" alt=\"Le doux repos\" srcset=\"https:\/\/www.laboutiquefleuriste.com\/wp-content\/uploads\/2025\/11\/doux_repos-300x300.png 300w, https:\/\/www.laboutiquefleuriste.com\/wp-content\/uploads\/2025\/11\/doux_repos-150x150.png 150w, https:\/\/www.laboutiquefleuriste.com\/wp-content\/uploads\/2025\/11\/doux_repos-100x100.png 100w\" sizes=\"(max-width: 360px) 147px, (max-width: 300px) 100vw, 300px\" \/>\t\t\t\n\t<\/div><\/div><\/a><\/div><div class=\"woocommerce-card__header\">\t\t\t\t\t<p class=\"product__categories\"><a href=\"https:\/\/www.laboutiquefleuriste.com\/en\/product-category\/funeraille\/\" rel=\"tag\">Fun\u00e9raille<\/a>, <a href=\"https:\/\/www.laboutiquefleuriste.com\/en\/product-category\/funeraille\/coussin-de-cercueil\/\" rel=\"tag\">Coussin de cercueil<\/a><\/p>\t\t\t\t<div class=\"woocommerce-loop-product__title\"><a tabindex=\"0\" href=\"https:\/\/www.laboutiquefleuriste.com\/en\/boutique\/le-doux-repos\/\" aria-label=\"Le doux repos\" class=\"woocommerce-LoopProduct-link woocommerce-loop-product__link\">Le doux repos<\/a><\/div>\n\t<span class=\"price\"><span class=\"woocommerce-Price-amount amount\"><bdi>530.00<span class=\"woocommerce-Price-currencySymbol\">&#36;<\/span><\/bdi><\/span><\/span>\n<\/a><a href=\"\/en\/wp-json\/wp\/v2\/pages\/615?add-to-cart=94\" aria-describedby=\"woocommerce_loop_add_to_cart_link_describedby_94\" data-quantity=\"1\" class=\"button product_type_simple add_to_cart_button ajax_add_to_cart\" data-product_id=\"94\" data-product_sku=\"\" aria-label=\"Add to cart: \u201cLe doux repos\u201d\" rel=\"nofollow\" data-success_message=\"\u201cLe doux repos\u201d has been added to your cart\" role=\"button\" data-no-translation=\"\" data-trp-gettext=\"\" data-no-translation-aria-label=\"\" data-no-translation-data-success_message=\"\">Add to cart<\/a>\t<span id=\"woocommerce_loop_add_to_cart_link_describedby_94\" class=\"screen-reader-text\">\n\t\t\t<\/span>\n<\/div><\/li>\n<\/ul>\n<\/div>\t\t\t\t<\/div>\n\t\t\t\t<\/div>\n\t\t\t\t\t<\/div>\n\t\t\t\t<\/div>\n\t\t\t\t<\/div>","protected":false},"excerpt":{"rendered":"<p>Coussin de cercueil Un dernier adieu empreint de douceur\u2026 Le coussin de cercueil est une pi\u00e8ce ma\u00eetresse du rituel fun\u00e9raire, symbole d\u2019amour et de respect envers le d\u00e9funt. Nos designers floraux confectionnent des coussins soign\u00e9s, \u00e9quilibr\u00e9s et adapt\u00e9s aux volont\u00e9s de la famille, pour un hommage \u00e0 la fois noble et apaisant. Indiquez-nous le lieu [&hellip;]<\/p>\n","protected":false},"author":1,"featured_media":111,"parent":0,"menu_order":0,"comment_status":"closed","ping_status":"closed","template":"","meta":{"_angie_page":false,"footnotes":""},"class_list":["post-615","page","type-page","status-publish","has-post-thumbnail","hentry"],"jetpack_sharing_enabled":true,"_links":{"self":[{"href":"https:\/\/www.laboutiquefleuriste.com\/en\/wp-json\/wp\/v2\/pages\/615","targetHints":{"allow":["GET"]}}],"collection":[{"href":"https:\/\/www.laboutiquefleuriste.com\/en\/wp-json\/wp\/v2\/pages"}],"about":[{"href":"https:\/\/www.laboutiquefleuriste.com\/en\/wp-json\/wp\/v2\/types\/page"}],"author":[{"embeddable":true,"href":"https:\/\/www.laboutiquefleuriste.com\/en\/wp-json\/wp\/v2\/users\/1"}],"replies":[{"embeddable":true,"href":"https:\/\/www.laboutiquefleuriste.com\/en\/wp-json\/wp\/v2\/comments?post=615"}],"version-history":[{"count":14,"href":"https:\/\/www.laboutiquefleuriste.com\/en\/wp-json\/wp\/v2\/pages\/615\/revisions"}],"predecessor-version":[{"id":1187,"href":"https:\/\/www.laboutiquefleuriste.com\/en\/wp-json\/wp\/v2\/pages\/615\/revisions\/1187"}],"wp:featuredmedia":[{"embeddable":true,"href":"https:\/\/www.laboutiquefleuriste.com\/en\/wp-json\/wp\/v2\/media\/111"}],"wp:attachment":[{"href":"https:\/\/www.laboutiquefleuriste.com\/en\/wp-json\/wp\/v2\/media?parent=615"}],"curies":[{"name":"wp","href":"https:\/\/api.w.org\/{rel}","templated":true}]}}