{"id":175,"date":"2025-11-16T15:34:13","date_gmt":"2025-11-16T15:34:13","guid":{"rendered":"https:\/\/www.laboutiquefleuriste.com\/checkout-2\/"},"modified":"2026-02-06T17:21:49","modified_gmt":"2026-02-06T17:21:49","slug":"paiement","status":"publish","type":"page","link":"https:\/\/www.laboutiquefleuriste.com\/en\/paiement\/","title":{"rendered":"Paiement"},"content":{"rendered":"<div data-elementor-type=\"wp-page\" data-elementor-id=\"175\" class=\"elementor elementor-175\" data-elementor-post-type=\"page\">\n\t\t\t\t<div class=\"elementor-element elementor-element-7cf10092 e-con-full e-flex e-con e-parent\" data-id=\"7cf10092\" data-element_type=\"container\" data-e-type=\"container\">\n\t\t\t\t<div class=\"elementor-element elementor-element-38ef9349 elementor-widget elementor-widget-heading\" data-id=\"38ef9349\" data-element_type=\"widget\" data-e-type=\"widget\" data-widget_type=\"heading.default\">\n\t\t\t\t\t<h1 class=\"elementor-heading-title elementor-size-default\">Paiement<\/h1>\t\t\t\t<\/div>\n\t\t\t\t<div class=\"elementor-element elementor-element-4a968cd1 e-checkout-layout-two-column elementor-widget elementor-widget-woocommerce-checkout-page\" data-id=\"4a968cd1\" data-element_type=\"widget\" data-e-type=\"widget\" data-widget_type=\"woocommerce-checkout-page.default\">\n\t\t\t\t<div class=\"elementor-widget-container\">\n\t\t\t\t\t<div class=\"woocommerce\"><\/div>\t\t\t\t<\/div>\n\t\t\t\t<\/div>\n\t\t\t\t<\/div>\n\t\t\t\t<\/div>","protected":false},"excerpt":{"rendered":"<p>Paiement Panier Livraison et Paiement Confirmation de commande Zone correspondant au client \u00ab\u00a0Centre-Ville (Montr\u00e9al)\u00a0\u00bb Facture Pr\u00e9nom&nbsp;* Nom de famille&nbsp;* Nom de l&rsquo;entreprise&nbsp;(optionnel) Pays\/r\u00e9gion&nbsp;*S\u00e9lectionner un pays\/r\u00e9gion\u2026AfghanistanAfrique du SudAlbanieAlg\u00e9rieAllemagneAndorreAngolaAnguillaAntarctiqueAntigua-et-BarbudaArabie SaouditeArgentineArm\u00e9nieArubaAustralieAutricheAzerba\u00efdjanBahamasBahre\u00efnBangladeshBelarusBelauBelgiqueBelizeB\u00e9ninBermudesBhoutanBolivieBosnie-Herz\u00e9govineBotswanaBr\u00e9silBruneiBulgarieBurkina FasoBurundiCambodgeCamerounCanadaCap VertChiliChineChypreColombieComoresCongo (Brazzaville)Congo (Kinshasa)Cor\u00e9e du NordCor\u00e9e du SudCosta RicaC\u00f4te-d\u2019IvoireCroatieCubaCura\u00e7aoDanemarkDjiboutiDominique\u00c9gypte\u00c9mirats arabes unis\u00c9quateur\u00c9rythr\u00e9eEspagneEstonieEswatiniEtats-Unis (USA)\u00c9thiopieFidjiFinlandeFranceGabonGambieG\u00e9orgieG\u00e9orgie du Sud \/ \u00eeles SandwichGhanaGibraltarGr\u00e8ceGrenadeGroenlandGuadeloupeGuamGuatemalaGuernseyGuin\u00e9eGuin\u00e9e \u00e9quatorialeGuin\u00e9e-BissauGuyaneGuyaneHa\u00eftiHondurasHong KongHongrie\u00cele Bouvet\u00cele Christmas\u00cele de Man\u00cele Maurice\u00cele Norfolk\u00celes \u00c5land\u00celes Cayman\u00celes [&hellip;]<\/p>\n","protected":false},"author":1,"featured_media":178,"parent":0,"menu_order":0,"comment_status":"closed","ping_status":"closed","template":"","meta":{"_angie_page":false,"footnotes":""},"class_list":["post-175","page","type-page","status-publish","has-post-thumbnail","hentry"],"jetpack_sharing_enabled":true,"_links":{"self":[{"href":"https:\/\/www.laboutiquefleuriste.com\/en\/wp-json\/wp\/v2\/pages\/175","targetHints":{"allow":["GET"]}}],"collection":[{"href":"https:\/\/www.laboutiquefleuriste.com\/en\/wp-json\/wp\/v2\/pages"}],"about":[{"href":"https:\/\/www.laboutiquefleuriste.com\/en\/wp-json\/wp\/v2\/types\/page"}],"author":[{"embeddable":true,"href":"https:\/\/www.laboutiquefleuriste.com\/en\/wp-json\/wp\/v2\/users\/1"}],"replies":[{"embeddable":true,"href":"https:\/\/www.laboutiquefleuriste.com\/en\/wp-json\/wp\/v2\/comments?post=175"}],"version-history":[{"count":26,"href":"https:\/\/www.laboutiquefleuriste.com\/en\/wp-json\/wp\/v2\/pages\/175\/revisions"}],"predecessor-version":[{"id":1025,"href":"https:\/\/www.laboutiquefleuriste.com\/en\/wp-json\/wp\/v2\/pages\/175\/revisions\/1025"}],"wp:featuredmedia":[{"embeddable":true,"href":"https:\/\/www.laboutiquefleuriste.com\/en\/wp-json\/wp\/v2\/media\/178"}],"wp:attachment":[{"href":"https:\/\/www.laboutiquefleuriste.com\/en\/wp-json\/wp\/v2\/media?parent=175"}],"curies":[{"name":"wp","href":"https:\/\/api.w.org\/{rel}","templated":true}]}}